{"id":2427,"date":"2024-11-05T14:54:57","date_gmt":"2024-11-05T18:54:57","guid":{"rendered":"https:\/\/www.regalosparatuhogar.com\/?post_type=product&#038;p=2427"},"modified":"2024-11-05T14:55:12","modified_gmt":"2024-11-05T18:55:12","slug":"rallador-de-mandolina-30-cortes-diferentes","status":"publish","type":"product","link":"https:\/\/www.regalosparatuhogar.com\/?product=rallador-de-mandolina-30-cortes-diferentes","title":{"rendered":"Rallador de Mandolina: 30 cortes diferentes"},"content":{"rendered":"<h4>Rallador de Mandolina Seguro<\/h4>\n<p>Pr\u00e1ctico rallador con 30 diferentes formas de corte, todas en forma segura.<\/p>\n<p>F\u00e1cil de limpiar<\/p>\n<ul class=\"a-unordered-list a-vertical a-spacing-mini\">\n<li><span class=\"a-list-item\"><strong>M\u00e1s seguro:<\/strong> dise\u00f1ado para mantener las manos y los dedos lejos de las cuchillas, para una manera m\u00e1s f\u00e1cil y segura de cortar el mango con resorte se despliega hacia arriba, por lo que simplemente empuja hacia abajo para cortar en segundos (tan f\u00e1cil incluso tus hijos pueden usarlo).\n<p><\/span><\/li>\n<li><span class=\"a-list-item\"><strong>Vers\u00e1til<\/strong>: rodaja, juliana, palo de cerillas, dados y m\u00e1s para preparar comidas f\u00e1cilmente, con 30 diferentes cortes preestablecidos para diferentes grosores (0.039 \u2013 0.315\u00a0in) ajustador de grosor permite un control personalizado que te da guisos perfectos, sopas, ensaladas, verduras, incluso patatas caseras.\n<p><\/span><\/li>\n<li><span class=\"a-list-item\"><strong>F\u00e1cil de limpiar<\/strong>: el dise\u00f1o compacto se pliega para un f\u00e1cil almacenamiento. El cepillo incluido elimina la acumulaci\u00f3n en las cuchillas, y el contenedor de captura de alimentos mantiene las encimeras limpias.\n<p><\/span><\/li>\n<li><span class=\"a-list-item\"><strong>Regalo perfecto<\/strong>: la boda perfecta o regalo para el hogar. Su peque\u00f1o tama\u00f1o ocupa poco espacio en el mostrador o en el armario, y es una gran adici\u00f3n a la cocina de cualquier persona (a\u00f1\u00e1delo a tu registro ahora).\n<p><\/span><\/li>\n<li><span class=\"a-list-item\"><strong>Incluye<\/strong>: respaldado por una garant\u00eda del fabricante de 1 a\u00f1o, el mandolina de rebanada segura viene con contenedor de captura de alimentos, cepillo de limpieza, gu\u00eda de recetas y acceso a la base de datos de recetas. <\/span><\/li>\n<\/ul>\n<p><img loading=\"lazy\" decoding=\"async\" class=\"alignnone size-full wp-image-1032\" src=\"https:\/\/www.regalosparatuhogar.com\/wp-content\/uploads\/2022\/08\/mandolina-07-copia.jpg\" alt=\"\" width=\"1500\" height=\"928\" \/><\/p>\n<p><img loading=\"lazy\" decoding=\"async\" class=\"alignnone size-full wp-image-1024\" src=\"https:\/\/www.regalosparatuhogar.com\/wp-content\/uploads\/2022\/08\/04.jpg\" alt=\"\" width=\"970\" height=\"300\" \/><\/p>\n<p>&nbsp;<\/p>\n<p><img loading=\"lazy\" decoding=\"async\" class=\"alignnone size-full wp-image-1022\" src=\"https:\/\/www.regalosparatuhogar.com\/wp-content\/uploads\/2022\/08\/02.jpg\" alt=\"\" width=\"970\" height=\"300\" \/><\/p>\n<p><img loading=\"lazy\" decoding=\"async\" class=\"alignnone size-full wp-image-1021\" src=\"https:\/\/www.regalosparatuhogar.com\/wp-content\/uploads\/2022\/08\/01.jpg\" alt=\"\" width=\"970\" height=\"600\" \/><\/p>\n","protected":false},"excerpt":{"rendered":"<p>El super rallador de mandolina ofrece una forma m\u00e1s segura de cortar como un profesional.<\/p>\n<p>El dise\u00f1o \u00fanico evita que sus manos se acerquen a las cuchillas integradas, lo que hace de esta mandolina la opci\u00f3n m\u00e1s segura para un corte experto.<\/p>\n<p>Con m\u00e1s de 30 opciones de rebanado, la mandolina corta perfectamente rebanadas uniformes de 1 a 8 mm de grosor, al mismo tiempo que ofrece opciones de corte en juliana, cerillas y dados. Completo con una gu\u00eda de recetas con platos que incluyen ensalada de col o papas fritas, La Mandolina de Corte Seguro hace que la preparaci\u00f3n de alimentos sea r\u00e1pida y f\u00e1cil.<\/p>\n<p><iframe loading=\"lazy\" title=\"YouTube video player\" src=\"https:\/\/www.youtube.com\/embed\/Ovbbs9t-Pcw\" width=\"560\" height=\"315\" frameborder=\"0\" allowfullscreen=\"allowfullscreen\"><\/iframe><\/p>\n","protected":false},"featured_media":217,"comment_status":"open","ping_status":"closed","template":"","meta":[],"product_brand":[],"product_cat":[28],"product_tag":[89,90,91,92,93,94,95],"class_list":{"0":"post-2427","1":"product","2":"type-product","3":"status-publish","4":"has-post-thumbnail","6":"product_cat-cocina","7":"product_tag-corte","8":"product_tag-corte-seguro","9":"product_tag-julianas","10":"product_tag-rallador","11":"product_tag-rallador-de-mandolina","12":"product_tag-rallar","13":"product_tag-rebanar","15":"first","16":"instock","17":"sale","18":"taxable","19":"shipping-taxable","20":"purchasable","21":"product-type-simple"},"jetpack_sharing_enabled":true,"_links":{"self":[{"href":"https:\/\/www.regalosparatuhogar.com\/index.php?rest_route=\/wp\/v2\/product\/2427","targetHints":{"allow":["GET"]}}],"collection":[{"href":"https:\/\/www.regalosparatuhogar.com\/index.php?rest_route=\/wp\/v2\/product"}],"about":[{"href":"https:\/\/www.regalosparatuhogar.com\/index.php?rest_route=\/wp\/v2\/types\/product"}],"replies":[{"embeddable":true,"href":"https:\/\/www.regalosparatuhogar.com\/index.php?rest_route=%2Fwp%2Fv2%2Fcomments&post=2427"}],"wp:featuredmedia":[{"embeddable":true,"href":"https:\/\/www.regalosparatuhogar.com\/index.php?rest_route=\/wp\/v2\/media\/217"}],"wp:attachment":[{"href":"https:\/\/www.regalosparatuhogar.com\/index.php?rest_route=%2Fwp%2Fv2%2Fmedia&parent=2427"}],"wp:term":[{"taxonomy":"product_brand","embeddable":true,"href":"https:\/\/www.regalosparatuhogar.com\/index.php?rest_route=%2Fwp%2Fv2%2Fproduct_brand&post=2427"},{"taxonomy":"product_cat","embeddable":true,"href":"https:\/\/www.regalosparatuhogar.com\/index.php?rest_route=%2Fwp%2Fv2%2Fproduct_cat&post=2427"},{"taxonomy":"product_tag","embeddable":true,"href":"https:\/\/www.regalosparatuhogar.com\/index.php?rest_route=%2Fwp%2Fv2%2Fproduct_tag&post=2427"}],"curies":[{"name":"wp","href":"https:\/\/api.w.org\/{rel}","templated":true}]}}