{"id":2436,"date":"2024-11-05T14:54:58","date_gmt":"2024-11-05T18:54:58","guid":{"rendered":"https:\/\/www.regalosparatuhogar.com\/?post_type=product&#038;p=2436"},"modified":"2024-11-05T14:55:26","modified_gmt":"2024-11-05T18:55:26","slug":"mini-humidificador-ventilador-portatil-recargable","status":"publish","type":"product","link":"https:\/\/www.regalosparatuhogar.com\/?product=mini-humidificador-ventilador-portatil-recargable","title":{"rendered":"Mini Humidificador &#8211; Ventilador port\u00e1til recargable"},"content":{"rendered":"<p>Mini Humidificador Port\u00e1til &#8211; Ventilador<\/p>\n<p>48 mil guaran\u00edes mas env\u00edo<\/p>\n<p>Whatsapp: 0982228294<\/p>\n<p>Poderoso humidificador potenciado por su ventilador, mantiene fresco y h\u00famedo su espacio personal.<\/p>\n<p>&#8211; \u00fatil en la oficina, trabajo, transporte p\u00fablico.<\/p>\n<p>&#8211; Sin el humidificador, es ideal para secar algunas cremas para maquillaje.<\/p>\n<p>&#8211; Con el humidificador, mantiene el espacio fresco, y las v\u00edas respiratorias h\u00famedas, evitando enfermedades o desecamientos.<\/p>\n<p> Alto: 14 cm.<\/p>\n<p> Ancho 3.5 cm.<\/p>\n<p> Fondo: 2 cm.<\/p>\n<p> H\u00e9lice: 10 cent\u00edmetros de di\u00e1metro.<\/p>\n<p> Capacidad del tanque: 15 mililitros<\/p>\n<p> Duraci\u00f3n del tanque: 2 horas<\/p>\n<p> Duraci\u00f3n de la bater\u00eda cargada al 100%: 6 horas.<\/p>\n<p>Se recomienda cargar solamente agua destilada, o si no hay disponible, agua mineral embotellada.  No se recomienda agua del grifo, pues puede contener metales y calcios que taponan el filtro del humidificador.<\/p>\n<p>La bater\u00eda es de Litio, se puede cargar en cualquier momento y por el tiempo que se quiera. No se da\u00f1a si se queda conectada ya cargada, ni se da\u00f1a si se desconecta cuando aun no est\u00e1 cargada del todo. <\/p>\n<p>Ventilador seguro: de aspas suaves, no hace da\u00f1o cuando golpea, y se separa de la base en caso de coalici\u00f3n, evitando as\u00ed cualquier da\u00f1o por accidente.<\/p>\n<p>El paquete incluye el humidificador, manual de uso y cable USB &#8211; Micro Usb para cargar.<\/p>\n<p><\/p>\n<p>Colores disponibles:<\/p>\n<p><\/p>\n<p><img loading=\"lazy\" decoding=\"async\" src=\"https:\/\/www.regalosparatuhogar.com\/wp-content\/uploads\/2022\/09\/2-7.jpg\" alt=\"\" width=\"1001\" height=\"1001\" class=\"alignnone size-full wp-image-1299\" \/><\/p>\n<p><img loading=\"lazy\" decoding=\"async\" src=\"https:\/\/www.regalosparatuhogar.com\/wp-content\/uploads\/2022\/09\/1-7.jpg\" alt=\"\" width=\"800\" height=\"800\" class=\"alignnone size-full wp-image-1300\" \/><\/p>\n","protected":false},"excerpt":{"rendered":"<p>Humidificador con funci\u00f3n de ventilador, funcionan juntos o por separado.<\/p>\n<p>Con bater\u00eda recargable y tanque de buena duraci\u00f3n, totalmente port\u00e1til para usar en cualquier ocasi\u00f3n.<\/p>\n<p>Disponible en dos colores.<\/p>\n<p><iframe loading=\"lazy\" width=\"560\" height=\"315\" src=\"https:\/\/www.youtube.com\/embed\/5OUt6GQ1ak4\" title=\"YouTube video player\" frameborder=\"0\" allow=\"accelerometer; autoplay; clipboard-write; encrypted-media; gyroscope; picture-in-picture\" allowfullscreen><\/iframe><\/p>\n","protected":false},"featured_media":280,"comment_status":"open","ping_status":"closed","template":"","meta":[],"product_brand":[],"product_cat":[19,49],"product_tag":[147,148,149,150,151,152],"class_list":{"0":"post-2436","1":"product","2":"type-product","3":"status-publish","4":"has-post-thumbnail","6":"product_cat-hogar","7":"product_cat-salud-y-belleza","8":"product_tag-bolso","9":"product_tag-humidificador","10":"product_tag-humidificador-portatil","11":"product_tag-maquillaje","12":"product_tag-mini-ventilador-recargable","13":"product_tag-regalo","15":"first","16":"instock","17":"taxable","18":"shipping-taxable","19":"purchasable","20":"product-type-simple"},"jetpack_sharing_enabled":true,"_links":{"self":[{"href":"https:\/\/www.regalosparatuhogar.com\/index.php?rest_route=\/wp\/v2\/product\/2436","targetHints":{"allow":["GET"]}}],"collection":[{"href":"https:\/\/www.regalosparatuhogar.com\/index.php?rest_route=\/wp\/v2\/product"}],"about":[{"href":"https:\/\/www.regalosparatuhogar.com\/index.php?rest_route=\/wp\/v2\/types\/product"}],"replies":[{"embeddable":true,"href":"https:\/\/www.regalosparatuhogar.com\/index.php?rest_route=%2Fwp%2Fv2%2Fcomments&post=2436"}],"wp:featuredmedia":[{"embeddable":true,"href":"https:\/\/www.regalosparatuhogar.com\/index.php?rest_route=\/wp\/v2\/media\/280"}],"wp:attachment":[{"href":"https:\/\/www.regalosparatuhogar.com\/index.php?rest_route=%2Fwp%2Fv2%2Fmedia&parent=2436"}],"wp:term":[{"taxonomy":"product_brand","embeddable":true,"href":"https:\/\/www.regalosparatuhogar.com\/index.php?rest_route=%2Fwp%2Fv2%2Fproduct_brand&post=2436"},{"taxonomy":"product_cat","embeddable":true,"href":"https:\/\/www.regalosparatuhogar.com\/index.php?rest_route=%2Fwp%2Fv2%2Fproduct_cat&post=2436"},{"taxonomy":"product_tag","embeddable":true,"href":"https:\/\/www.regalosparatuhogar.com\/index.php?rest_route=%2Fwp%2Fv2%2Fproduct_tag&post=2436"}],"curies":[{"name":"wp","href":"https:\/\/api.w.org\/{rel}","templated":true}]}}