{"id":2438,"date":"2024-11-05T14:54:59","date_gmt":"2024-11-05T18:54:59","guid":{"rendered":"https:\/\/www.regalosparatuhogar.com\/?post_type=product&#038;p=2438"},"modified":"2025-03-14T08:51:21","modified_gmt":"2025-03-14T12:51:21","slug":"aspersor-de-3-brazos","status":"publish","type":"product","link":"https:\/\/www.regalosparatuhogar.com\/?product=aspersor-de-3-brazos","title":{"rendered":"Aspersor de 3 brazos"},"content":{"rendered":"<p>Aspersor para el riego autom\u00e1tico de superficies de jard\u00edn o c\u00e9sped de manera uniforme y sin charcos.<\/p>\n<p>Su r\u00e1pida instalaci\u00f3n permite su puesta en marcha en pocos minutos, haciendo posible el cambio de ubicaci\u00f3n para cubrir distintas zonas.<\/p>\n<p>Con los ajustes disponibles se puede determinar el alcance de la zona de riego.<\/p>\n<p>Aspersor giratorio con 3 toberas y estaca<\/p>\n<p>Recomendado para superficies circulares obteniendo un riego uniforme y sin charcos.<\/p>\n<p>De uso habitual en jardines, c\u00e9spedes, zonas de plantaciones, huertos, etc.<\/p>\n<p>El sencillo sistema de ajuste de las toberas junto con la variaci\u00f3n de la presi\u00f3n de agua suministrada permite adaptar el alcance del riego a la superficie que se quiere regar.<\/p>\n<p>Alcance m\u00e1ximo: hasta 20 m de di\u00e1metro.<\/p>\n<p>Estaca de 16 cm para ubicar f\u00e1cilmente en cualquier punto de la superficie a regar.<\/p>\n","protected":false},"excerpt":{"rendered":"<p>Aspersor mec\u00e1nico a presi\u00f3n de 3 brazos.<\/p>\n<p>En Pl\u00e1stico BPA, seguro para todo uso y resistente a la intemperie.<\/p>\n<p>Con estaca y conexi\u00f3n r\u00e1pida.<\/p>\n<p>&nbsp;<\/p>\n<p><iframe loading=\"lazy\" title=\"YouTube video player\" src=\"https:\/\/www.youtube.com\/embed\/Xawg08kv-HI\" width=\"560\" height=\"315\" frameborder=\"0\" allowfullscreen=\"allowfullscreen\"><\/iframe><\/p>\n","protected":false},"featured_media":291,"comment_status":"open","ping_status":"closed","template":"","meta":[],"product_brand":[],"product_cat":[81,155],"product_tag":[156,157,158,159,160,161,162,163,164],"class_list":{"0":"post-2438","1":"product","2":"type-product","3":"status-publish","4":"has-post-thumbnail","6":"product_cat-mascotas","7":"product_cat-plantas-y-jardin","8":"product_tag-flores","9":"product_tag-grama","10":"product_tag-jardin","11":"product_tag-pasto","12":"product_tag-prado","13":"product_tag-regar-el-jardin","14":"product_tag-riego","15":"product_tag-simulador-de-lluvia","16":"product_tag-vivero","18":"first","19":"instock","20":"taxable","21":"shipping-taxable","22":"purchasable","23":"product-type-simple"},"jetpack_sharing_enabled":true,"_links":{"self":[{"href":"https:\/\/www.regalosparatuhogar.com\/index.php?rest_route=\/wp\/v2\/product\/2438","targetHints":{"allow":["GET"]}}],"collection":[{"href":"https:\/\/www.regalosparatuhogar.com\/index.php?rest_route=\/wp\/v2\/product"}],"about":[{"href":"https:\/\/www.regalosparatuhogar.com\/index.php?rest_route=\/wp\/v2\/types\/product"}],"replies":[{"embeddable":true,"href":"https:\/\/www.regalosparatuhogar.com\/index.php?rest_route=%2Fwp%2Fv2%2Fcomments&post=2438"}],"wp:featuredmedia":[{"embeddable":true,"href":"https:\/\/www.regalosparatuhogar.com\/index.php?rest_route=\/wp\/v2\/media\/291"}],"wp:attachment":[{"href":"https:\/\/www.regalosparatuhogar.com\/index.php?rest_route=%2Fwp%2Fv2%2Fmedia&parent=2438"}],"wp:term":[{"taxonomy":"product_brand","embeddable":true,"href":"https:\/\/www.regalosparatuhogar.com\/index.php?rest_route=%2Fwp%2Fv2%2Fproduct_brand&post=2438"},{"taxonomy":"product_cat","embeddable":true,"href":"https:\/\/www.regalosparatuhogar.com\/index.php?rest_route=%2Fwp%2Fv2%2Fproduct_cat&post=2438"},{"taxonomy":"product_tag","embeddable":true,"href":"https:\/\/www.regalosparatuhogar.com\/index.php?rest_route=%2Fwp%2Fv2%2Fproduct_tag&post=2438"}],"curies":[{"name":"wp","href":"https:\/\/api.w.org\/{rel}","templated":true}]}}