{"id":2441,"date":"2024-11-05T14:54:59","date_gmt":"2024-11-05T18:54:59","guid":{"rendered":"https:\/\/www.regalosparatuhogar.com\/?post_type=product&#038;p=2441"},"modified":"2024-11-05T14:55:42","modified_gmt":"2024-11-05T18:55:42","slug":"removedor-electrostatico-de-pelos-pelusas-y-polvo","status":"publish","type":"product","link":"https:\/\/www.regalosparatuhogar.com\/?product=removedor-electrostatico-de-pelos-pelusas-y-polvo","title":{"rendered":"Removedor electrost\u00e1tico de pelos, pelusas y polvo"},"content":{"rendered":"<div class=\"m8h3af8h l7ghb35v kjdc1dyq kmwttqpk gh25dzvf n3t5jt4f\">\n<div dir=\"auto\">\n<p>Limpiador Removedor de Pelos<\/p>\n<\/div>\n<div dir=\"auto\">95 mil guaranies<\/div>\n<\/div>\n<div class=\"l7ghb35v kjdc1dyq kmwttqpk gh25dzvf jikcssrz n3t5jt4f\">\n<div dir=\"auto\">Pedidos: <a class=\"qi72231t nu7423ey n3hqoq4p r86q59rh b3qcqh3k fq87ekyn bdao358l fsf7x5fv rse6dlih s5oniofx m8h3af8h l7ghb35v kjdc1dyq kmwttqpk srn514ro oxkhqvkx rl78xhln nch0832m cr00lzj9 rn8ck1ys s3jn8y49 icdlwmnq cxfqmxzd ezidihy3\" tabindex=\"0\" role=\"link\" href=\"https:\/\/wa.me\/595982228294?fbclid=IwAR0oDu3x6XqCwjpaS46dqLMgrtqpcpW1AmWF0XUHM2G0fD60_diDUi0XZv4\" target=\"_blank\" rel=\"nofollow noopener\">https:\/\/wa.me\/595982228294<\/a><\/div>\n<\/div>\n<div class=\"l7ghb35v kjdc1dyq kmwttqpk gh25dzvf jikcssrz n3t5jt4f\">\n<div dir=\"auto\">M\u00e1gico cepillo removedor de pelos de tu mascota en tu ropa, sof\u00e1, cama y dem\u00e1s tapicer\u00eda cuando se llenan de pelos de alg\u00fan animal o humano. Es reutilizable, y se limpia f\u00e1cilmente haci\u00e9ndolo pasar por su base.<\/div>\n<\/div>\n<div class=\"l7ghb35v kjdc1dyq kmwttqpk gh25dzvf jikcssrz n3t5jt4f\">\n<div dir=\"auto\">Funciona por acci\u00f3n electrost\u00e1tica al frotar el material contra la tela o pelos. \u00a0Los pelos se adhieren f\u00e1cilmente, removiendo hasta la ultima pelusa de su ropa o muebles.Ahorre un mont\u00f3n al no tener que comprar cintas adhesivas.<\/p>\n<p>Evite alergias, \u00e1caros y mantenga una buena presentaci\u00f3n de sus prendas y muebles.<\/p>\n<\/div>\n<\/div>\n<div class=\"l7ghb35v kjdc1dyq kmwttqpk gh25dzvf jikcssrz n3t5jt4f\">\n<div dir=\"auto\">Tiene un cepillo peque\u00f1o adicional para cargarlo en el bolso, o para mantener en el auto.<\/div>\n<div dir=\"auto\">Envios a todo el pa\u00eds<\/div>\n<\/div>\n","protected":false},"excerpt":{"rendered":"<p>M\u00e1gico cepillo removedor de pelos de tu mascota en tu ropa, sof\u00e1, cama y dem\u00e1s tapicer\u00eda cuando se llenan de pelos de alg\u00fan animal o humano. Es reutilizable, y se limpia f\u00e1cilmente haci\u00e9ndolo pasar por su base.<\/p>\n<p>Con el cepillo grande se entrega otro peque\u00f1o, pr\u00e1ctico para llevar en el bolso o en el auto.<\/p>\n<p><iframe loading=\"lazy\" title=\"YouTube video player\" src=\"https:\/\/www.youtube.com\/embed\/MNBWcc-64jE\" width=\"560\" height=\"315\" frameborder=\"0\" allowfullscreen=\"allowfullscreen\"><\/iframe><\/p>\n","protected":false},"featured_media":313,"comment_status":"open","ping_status":"closed","template":"","meta":[],"product_brand":[],"product_cat":[21,81,22],"product_tag":[],"class_list":{"0":"post-2441","1":"product","2":"type-product","3":"status-publish","4":"has-post-thumbnail","6":"product_cat-limpieza-y-aseo","7":"product_cat-mascotas","8":"product_cat-todo-para-tu-auto","10":"first","11":"instock","12":"sale","13":"taxable","14":"shipping-taxable","15":"purchasable","16":"product-type-simple"},"jetpack_sharing_enabled":true,"_links":{"self":[{"href":"https:\/\/www.regalosparatuhogar.com\/index.php?rest_route=\/wp\/v2\/product\/2441","targetHints":{"allow":["GET"]}}],"collection":[{"href":"https:\/\/www.regalosparatuhogar.com\/index.php?rest_route=\/wp\/v2\/product"}],"about":[{"href":"https:\/\/www.regalosparatuhogar.com\/index.php?rest_route=\/wp\/v2\/types\/product"}],"replies":[{"embeddable":true,"href":"https:\/\/www.regalosparatuhogar.com\/index.php?rest_route=%2Fwp%2Fv2%2Fcomments&post=2441"}],"wp:featuredmedia":[{"embeddable":true,"href":"https:\/\/www.regalosparatuhogar.com\/index.php?rest_route=\/wp\/v2\/media\/313"}],"wp:attachment":[{"href":"https:\/\/www.regalosparatuhogar.com\/index.php?rest_route=%2Fwp%2Fv2%2Fmedia&parent=2441"}],"wp:term":[{"taxonomy":"product_brand","embeddable":true,"href":"https:\/\/www.regalosparatuhogar.com\/index.php?rest_route=%2Fwp%2Fv2%2Fproduct_brand&post=2441"},{"taxonomy":"product_cat","embeddable":true,"href":"https:\/\/www.regalosparatuhogar.com\/index.php?rest_route=%2Fwp%2Fv2%2Fproduct_cat&post=2441"},{"taxonomy":"product_tag","embeddable":true,"href":"https:\/\/www.regalosparatuhogar.com\/index.php?rest_route=%2Fwp%2Fv2%2Fproduct_tag&post=2441"}],"curies":[{"name":"wp","href":"https:\/\/api.w.org\/{rel}","templated":true}]}}