{"id":2444,"date":"2024-11-05T14:55:00","date_gmt":"2024-11-05T18:55:00","guid":{"rendered":"https:\/\/www.regalosparatuhogar.com\/?post_type=product&#038;p=2444"},"modified":"2024-11-05T14:55:45","modified_gmt":"2024-11-05T18:55:45","slug":"taza-de-vidrio-doble-pared-350-ml","status":"publish","type":"product","link":"https:\/\/www.regalosparatuhogar.com\/?product=taza-de-vidrio-doble-pared-350-ml","title":{"rendered":"Taza de Vidrio Doble Pared 350 ml."},"content":{"rendered":"<p>Taza de vidrio especial para caf\u00e9, t\u00e9, helado, chocolate, bebidas calientes o fr\u00edas<\/p>\n<p>11 cm. de alto<\/p>\n<p>Genial taza de vidrio super resistente (borosilicato).<\/p>\n<p>Con su doble fondo, tiene efecto de termo, manteniendo las bebidas fr\u00edas por mas tiempo si son fr\u00edas, o calientes por mas tiempo si se sirven calientes.<\/p>\n<p>PRECIOS ESPECIALES PARA MAYORISTAS.<\/p>\n","protected":false},"excerpt":{"rendered":"<p>11 cm. de alto<\/p>\n<p>Genial taza de vidrio super resistente (borosilicato).<\/p>\n<p>Con su doble fondo, tiene efecto de termo, manteniendo las bebidas fr\u00edas por mas tiempo si son fr\u00edas, o calientes por mas tiempo si se sirven calientes.<\/p>\n<p>PRECIOS ESPECIALES PARA MAYORISTAS.<\/p>\n<p><iframe loading=\"lazy\" title=\"YouTube video player\" src=\"https:\/\/www.youtube.com\/embed\/G7iYzMIEXf0\" width=\"560\" height=\"315\" frameborder=\"0\" allowfullscreen=\"allowfullscreen\"><\/iframe><\/p>\n","protected":false},"featured_media":337,"comment_status":"open","ping_status":"closed","template":"","meta":[],"product_brand":[],"product_cat":[28,19,48],"product_tag":[178,179,180,181,182,183],"class_list":{"0":"post-2444","1":"product","2":"type-product","3":"status-publish","4":"has-post-thumbnail","6":"product_cat-cocina","7":"product_cat-hogar","8":"product_cat-oficina","9":"product_tag-cafe","10":"product_tag-caliente","11":"product_tag-helado","12":"product_tag-servir","13":"product_tag-taza","14":"product_tag-termo","16":"first","17":"instock","18":"taxable","19":"shipping-taxable","20":"purchasable","21":"product-type-simple"},"jetpack_sharing_enabled":true,"_links":{"self":[{"href":"https:\/\/www.regalosparatuhogar.com\/index.php?rest_route=\/wp\/v2\/product\/2444","targetHints":{"allow":["GET"]}}],"collection":[{"href":"https:\/\/www.regalosparatuhogar.com\/index.php?rest_route=\/wp\/v2\/product"}],"about":[{"href":"https:\/\/www.regalosparatuhogar.com\/index.php?rest_route=\/wp\/v2\/types\/product"}],"replies":[{"embeddable":true,"href":"https:\/\/www.regalosparatuhogar.com\/index.php?rest_route=%2Fwp%2Fv2%2Fcomments&post=2444"}],"wp:featuredmedia":[{"embeddable":true,"href":"https:\/\/www.regalosparatuhogar.com\/index.php?rest_route=\/wp\/v2\/media\/337"}],"wp:attachment":[{"href":"https:\/\/www.regalosparatuhogar.com\/index.php?rest_route=%2Fwp%2Fv2%2Fmedia&parent=2444"}],"wp:term":[{"taxonomy":"product_brand","embeddable":true,"href":"https:\/\/www.regalosparatuhogar.com\/index.php?rest_route=%2Fwp%2Fv2%2Fproduct_brand&post=2444"},{"taxonomy":"product_cat","embeddable":true,"href":"https:\/\/www.regalosparatuhogar.com\/index.php?rest_route=%2Fwp%2Fv2%2Fproduct_cat&post=2444"},{"taxonomy":"product_tag","embeddable":true,"href":"https:\/\/www.regalosparatuhogar.com\/index.php?rest_route=%2Fwp%2Fv2%2Fproduct_tag&post=2444"}],"curies":[{"name":"wp","href":"https:\/\/api.w.org\/{rel}","templated":true}]}}