{"id":2459,"date":"2024-11-05T14:55:24","date_gmt":"2024-11-05T18:55:24","guid":{"rendered":"https:\/\/www.regalosparatuhogar.com\/?post_type=product&#038;p=2459"},"modified":"2024-11-05T14:56:06","modified_gmt":"2024-11-05T18:56:06","slug":"lampara-led-europa-doble-brazo","status":"publish","type":"product","link":"https:\/\/www.regalosparatuhogar.com\/?product=lampara-led-europa-doble-brazo","title":{"rendered":"L\u00e1mpara Led Europa Doble Brazo"},"content":{"rendered":"<p>L\u00e1mpara led para el escritorio, con 2 brazos de 10 led cada una, que suman 45 cent\u00edmetros de apertura.<\/p>\n<p>Base firme y s\u00f3lida, con organizador para l\u00e1pices, es muy elegante y de gran estilo.<\/p>\n<p>Interruptor de seguridad y puerto de carga en la parte posterior, se enciende y apaga con un bot\u00f3n plano ubicado en su base.<\/p>\n<p>&nbsp;<\/p>\n<p>Algo muy especial: Adem\u00e1s de tener luces en modo dia y blanca, tiene luz &#8220;blue&#8221; especial para reducir el da\u00f1o causado por la luz azul. \u00a0Si quiere saber m\u00e1s sobre este tema, <a href=\"https:\/\/www.regalosparatuhogar.com\/?p=1937\">haga click aqui.<\/a><\/p>\n","protected":false},"excerpt":{"rendered":"<p><iframe loading=\"lazy\" title=\"YouTube video player\" src=\"https:\/\/www.youtube.com\/embed\/uER2BJGdh1Q\" width=\"560\" height=\"315\" frameborder=\"0\" allowfullscreen=\"allowfullscreen\"><\/iframe><\/p>\n","protected":false},"featured_media":512,"comment_status":"open","ping_status":"closed","template":"","meta":[],"product_brand":[],"product_cat":[118,116,117,48,72,119],"product_tag":[245,246,247,248,249],"class_list":{"0":"post-2459","1":"product","2":"type-product","3":"status-publish","4":"has-post-thumbnail","6":"product_cat-electronica","7":"product_cat-home-office-y-clases-virtuales","8":"product_cat-iluminacion","9":"product_cat-oficina","10":"product_cat-organizadores","11":"product_cat-otros","12":"product_tag-dia-del-padre","13":"product_tag-escrigorio","14":"product_tag-lampara","15":"product_tag-lampara-led","16":"product_tag-regalos","18":"first","19":"instock","20":"taxable","21":"shipping-taxable","22":"purchasable","23":"product-type-simple"},"jetpack_sharing_enabled":true,"_links":{"self":[{"href":"https:\/\/www.regalosparatuhogar.com\/index.php?rest_route=\/wp\/v2\/product\/2459","targetHints":{"allow":["GET"]}}],"collection":[{"href":"https:\/\/www.regalosparatuhogar.com\/index.php?rest_route=\/wp\/v2\/product"}],"about":[{"href":"https:\/\/www.regalosparatuhogar.com\/index.php?rest_route=\/wp\/v2\/types\/product"}],"replies":[{"embeddable":true,"href":"https:\/\/www.regalosparatuhogar.com\/index.php?rest_route=%2Fwp%2Fv2%2Fcomments&post=2459"}],"wp:featuredmedia":[{"embeddable":true,"href":"https:\/\/www.regalosparatuhogar.com\/index.php?rest_route=\/wp\/v2\/media\/512"}],"wp:attachment":[{"href":"https:\/\/www.regalosparatuhogar.com\/index.php?rest_route=%2Fwp%2Fv2%2Fmedia&parent=2459"}],"wp:term":[{"taxonomy":"product_brand","embeddable":true,"href":"https:\/\/www.regalosparatuhogar.com\/index.php?rest_route=%2Fwp%2Fv2%2Fproduct_brand&post=2459"},{"taxonomy":"product_cat","embeddable":true,"href":"https:\/\/www.regalosparatuhogar.com\/index.php?rest_route=%2Fwp%2Fv2%2Fproduct_cat&post=2459"},{"taxonomy":"product_tag","embeddable":true,"href":"https:\/\/www.regalosparatuhogar.com\/index.php?rest_route=%2Fwp%2Fv2%2Fproduct_tag&post=2459"}],"curies":[{"name":"wp","href":"https:\/\/api.w.org\/{rel}","templated":true}]}}