{"id":2461,"date":"2024-11-05T14:55:24","date_gmt":"2024-11-05T18:55:24","guid":{"rendered":"https:\/\/www.regalosparatuhogar.com\/?post_type=product&#038;p=2461"},"modified":"2024-11-05T14:56:08","modified_gmt":"2024-11-05T18:56:08","slug":"mini-batidora-de-cocina-para-cafe-leche-chocolate-huevos","status":"publish","type":"product","link":"https:\/\/www.regalosparatuhogar.com\/?product=mini-batidora-de-cocina-para-cafe-leche-chocolate-huevos","title":{"rendered":"Mini Batidora de Cocina para Caf\u00e9, Leche, Chocolate, Huevos &#8230;"},"content":{"rendered":"<p><strong>Obtener espuma r\u00e1pidamente:<\/strong> Si te gusta su caf\u00e9 con un mont\u00f3n de espuma y espuma, entonces usted, sin duda, tener este espumador de leche para barista en casa o tu estilo de caf\u00e9 capuchino.<\/p>\n<p><strong>Funciona con pilas para perfecto espuma en ning\u00fan momento:<\/strong> el mezclador es con bater\u00eda de modo que usted no tiene que preocuparse de cables y encontrar sockets. calentar la leche, sumergir la cafetera de espresso en la taza y encenderlo. el tratamiento de leche se empezar a crear espuma en la leche al instante. en 15 \u2013 20 segundos, usted tiene una taza con relleno de espuma y listo para ir en su caf\u00e9 latte.<\/p>\n<p><strong>Calidad usted puede confiar:<\/strong> batidora de leche el\u00e9ctrica est\u00e1 fabricado con acero inoxidable de la mejor calidad mm. Apto para alimentos materiales batidor de acero inoxidable que no se oxida o romper con el tiempo, ofrece el doble de potencia de otros frothers espresso de y profesional disponible. el bot\u00f3n de encendido en la parte superior hace que sea f\u00e1cil de usar, el bajo nivel de ruido del motor apenas hace un sonido.<\/p>\n<p><strong>Con un dise\u00f1o elegante con versatilidad:<\/strong> la m\u00e1quina es con un dise\u00f1o elegante para caber en cualquier cocina moderna. es ligera y tiene mango suave de dise\u00f1o ergon\u00f3mico se puede utilizar para hacer espuma adem\u00e1s de otros l\u00edquidos. utilizarla para hacer batidos de leche caliente para sus hijos o c\u00f3cteles para tus amigos que funciona bien con l\u00edquidos fr\u00edos y calientes.<\/p>\n<p><strong>F\u00e1cil operaci\u00f3n y f\u00e1cil de limpiar:<\/strong> Nuestro dise\u00f1o ergon\u00f3mico con una sola mano se adapta a su mano perfectamente. no m\u00e1s gen\u00e9rico con forma de asas que no verdaderamente ajuste el agarre de tu palma. cuando hayas terminado de utilizarlo, simplemente batidor en algunos agua caliente durante unos segundos y es limpio.<\/p>\n","protected":false},"excerpt":{"rendered":"<p><strong>Espuma espumosa:<\/strong> del\u00e9itate con bebidas espumosas de ensue\u00f1o con el espumador para caf\u00e9, caf\u00e9 con leche, chocolate caliente y capuchino.<\/p>\n<p><strong>Potente motor:<\/strong> el espumador de caf\u00e9 es s\u00faper potente, 17000-19000 RPM, trabajando su magia en varios segundos mientras emite un remolino apenas audible.<\/p>\n<p><strong>Dise\u00f1o elegante<\/strong>: delgado y moderno, el espumador de leche el\u00e9ctrico ligero tiene un tallo delgado que te permite espumar en cualquier tama\u00f1o de recipiente o directamente en tu taza de beber.<\/p>\n<p><strong>Limpieza instant\u00e1nea:<\/strong> para limpiar, enciende el espumador y mantenlo bajo un flujo de agua corriente durante unos segundos. No necesita fregar, estropajar o desmontar.<\/p>\n<p><strong>M\u00faltiples usos:<\/strong> la batidora de mano funciona maravillosamente para a\u00f1adir polvo de prote\u00edna a tus bebidas, batir huevos para huevos revueltos y ponche de huevo, o mezclar bebidas de calidad de barra en tu cocina.<\/p>\n<p>&nbsp;<\/p>\n<p><iframe loading=\"lazy\" title=\"YouTube video player\" src=\"https:\/\/www.youtube.com\/embed\/aykrIe5zA_w\" width=\"560\" height=\"315\" frameborder=\"0\" allowfullscreen=\"allowfullscreen\"><\/iframe><\/p>\n","protected":false},"featured_media":536,"comment_status":"open","ping_status":"closed","template":"","meta":[],"product_brand":[],"product_cat":[20,28,119,250,153],"product_tag":[251,178,252,253,254,255,256],"class_list":{"0":"post-2461","1":"product","2":"type-product","3":"status-publish","4":"has-post-thumbnail","6":"product_cat-accesorios","7":"product_cat-cocina","8":"product_cat-otros","9":"product_cat-para-la-mesa","10":"product_cat-juguetes-y-regalos-para-todas-las-edades","11":"product_tag-batidora","12":"product_tag-cafe","13":"product_tag-capuccino","14":"product_tag-capuchino","15":"product_tag-espumadera","16":"product_tag-mezclador","17":"product_tag-mizer","19":"first","20":"instock","21":"taxable","22":"shipping-taxable","23":"purchasable","24":"product-type-simple"},"jetpack_sharing_enabled":true,"_links":{"self":[{"href":"https:\/\/www.regalosparatuhogar.com\/index.php?rest_route=\/wp\/v2\/product\/2461","targetHints":{"allow":["GET"]}}],"collection":[{"href":"https:\/\/www.regalosparatuhogar.com\/index.php?rest_route=\/wp\/v2\/product"}],"about":[{"href":"https:\/\/www.regalosparatuhogar.com\/index.php?rest_route=\/wp\/v2\/types\/product"}],"replies":[{"embeddable":true,"href":"https:\/\/www.regalosparatuhogar.com\/index.php?rest_route=%2Fwp%2Fv2%2Fcomments&post=2461"}],"wp:featuredmedia":[{"embeddable":true,"href":"https:\/\/www.regalosparatuhogar.com\/index.php?rest_route=\/wp\/v2\/media\/536"}],"wp:attachment":[{"href":"https:\/\/www.regalosparatuhogar.com\/index.php?rest_route=%2Fwp%2Fv2%2Fmedia&parent=2461"}],"wp:term":[{"taxonomy":"product_brand","embeddable":true,"href":"https:\/\/www.regalosparatuhogar.com\/index.php?rest_route=%2Fwp%2Fv2%2Fproduct_brand&post=2461"},{"taxonomy":"product_cat","embeddable":true,"href":"https:\/\/www.regalosparatuhogar.com\/index.php?rest_route=%2Fwp%2Fv2%2Fproduct_cat&post=2461"},{"taxonomy":"product_tag","embeddable":true,"href":"https:\/\/www.regalosparatuhogar.com\/index.php?rest_route=%2Fwp%2Fv2%2Fproduct_tag&post=2461"}],"curies":[{"name":"wp","href":"https:\/\/api.w.org\/{rel}","templated":true}]}}