{"id":2462,"date":"2024-11-05T14:55:24","date_gmt":"2024-11-05T18:55:24","guid":{"rendered":"https:\/\/www.regalosparatuhogar.com\/?post_type=product&#038;p=2462"},"modified":"2024-12-10T17:12:30","modified_gmt":"2024-12-10T21:12:30","slug":"reflector-de-induccion-solar","status":"publish","type":"product","link":"https:\/\/www.regalosparatuhogar.com\/?product=reflector-de-induccion-solar","title":{"rendered":"Reflector de Inducci\u00f3n Solar"},"content":{"rendered":"<p><strong>Luz solar<\/strong>: la luz solar necesita 6 horas de luz solar para cargarse durante el d\u00eda y 10 horas de funcionamiento normal durante la noche. No se necesitan cables, lo que le proporciona una vida econ\u00f3mica, baja en carbono y respetuosa con el medio ambiente.<\/p>\n<p><strong>Autom\u00e1tico<\/strong>: la luz solar con sensor de movimiento para exteriores est\u00e1 equipada con un \u00e1ngulo de 120 grados y un sensor de movimiento sensible, que puede proporcionar una amplia iluminaci\u00f3n.<\/p>\n<p><strong>Carga r\u00e1pida<\/strong>: la carga del panel solar depende de la duraci\u00f3n de la luz y las condiciones clim\u00e1ticas. Cuanto m\u00e1s fuerte sea el sol, m\u00e1s corto ser\u00e1 el tiempo de carga. En d\u00edas nublados o lluviosos, la eficiencia de la bater\u00eda se reduce, lo que resulta en tiempos de iluminaci\u00f3n m\u00e1s cortos.<\/p>\n<p>Especificaciones:<\/p>\n<p>Material: ABS<\/p>\n<p>Panel solar: 5,5 V 0,8 W<\/p>\n<p>Modo de trabajo: 3 modos<\/p>\n<p>Distancia de detecci\u00f3n: 3-5 m<\/p>\n<p>Fuente de luz: 36LED, 30w en m\u00e1xima, equivale a un incandescente de 200w<\/p>\n<p>Bater\u00eda: bater\u00eda de litio integrada de 3,7 V y 2400 mAh.<\/p>\n","protected":false},"excerpt":{"rendered":"<p><strong>Caracter\u00edsticas de los productos:<\/strong><\/p>\n<p>&#8211; 3 modos de inducci\u00f3n humana, montaje en pared, modo de inserci\u00f3n en tierra<\/p>\n<p>se puede montar en la pared con tornillos y es ideal para patios, jardines, patios, puertas de entrada<\/p>\n<p>El panel solar de carga r\u00e1pida depende de la duraci\u00f3n de la luz y las condiciones clim\u00e1ticas. Cuanto m\u00e1s fuerte sea el sol, m\u00e1s corto ser\u00e1 el tiempo de carga.<\/p>\n<p>La luz del sensor de movimiento solar para exteriores est\u00e1 equipada con un \u00e1ngulo de 120 grados y un sensor de movimiento de alta sensibilidad puede proporcionar una amplia gama de iluminaci\u00f3n<\/p>\n<p><strong>Especificaciones de productos:<\/strong><\/p>\n<p>&#8211; De color negro<\/p>\n<p>&#8211; Impermeable<\/p>\n<p>&#8211; Material: ABS-PVC resistente a rayos solares.<\/p>\n<p>&#8211; La mecha: 36 led<\/p>\n<p>&#8211; Tiempo de carga: 4 &#8211; 6 horas<\/p>\n<p>&#8211; Tiempo de iluminaci\u00f3n: 8 &#8211; 10hrs<\/p>\n<p>&#8211; Panel solar: 5.5V 0.8W<\/p>\n<p>&#8211; Rango de iluminaci\u00f3n: alrededor de 30 m\u00b2<\/p>\n<p>&#8211; Modo de trabajo: 3 modos<\/p>\n<p>&#8211; Dimensi\u00f3n: 115 x 130 x 90 mm<\/p>\n<p>Nota:<\/p>\n<p>&#8211; En d\u00edas nublados o lluviosos, la bater\u00eda es poco eficiente y el tiempo de iluminaci\u00f3n se acortar\u00e1<\/p>\n<p>Qu\u00e9 hay en la caja<\/p>\n<p>1x luz solar<\/p>\n<p>1 paquete de accesorios.<\/p>\n","protected":false},"featured_media":540,"comment_status":"open","ping_status":"closed","template":"","meta":[],"product_brand":[],"product_cat":[118,1139,117,48,119,155,165],"product_tag":[257,258,259,260,261,262,263],"class_list":{"0":"post-2462","1":"product","2":"type-product","3":"status-publish","4":"has-post-thumbnail","6":"product_cat-electronica","7":"product_cat-energia-solar","8":"product_cat-iluminacion","9":"product_cat-oficina","10":"product_cat-otros","11":"product_cat-plantas-y-jardin","12":"product_cat-seguridad","13":"product_tag-detector-de-movimiento","14":"product_tag-luz-solar","15":"product_tag-noche","16":"product_tag-panel-solar","17":"product_tag-personas","18":"product_tag-reflector","19":"product_tag-seguridad","21":"first","22":"instock","23":"taxable","24":"shipping-taxable","25":"purchasable","26":"product-type-simple"},"jetpack_sharing_enabled":true,"_links":{"self":[{"href":"https:\/\/www.regalosparatuhogar.com\/index.php?rest_route=\/wp\/v2\/product\/2462","targetHints":{"allow":["GET"]}}],"collection":[{"href":"https:\/\/www.regalosparatuhogar.com\/index.php?rest_route=\/wp\/v2\/product"}],"about":[{"href":"https:\/\/www.regalosparatuhogar.com\/index.php?rest_route=\/wp\/v2\/types\/product"}],"replies":[{"embeddable":true,"href":"https:\/\/www.regalosparatuhogar.com\/index.php?rest_route=%2Fwp%2Fv2%2Fcomments&post=2462"}],"wp:featuredmedia":[{"embeddable":true,"href":"https:\/\/www.regalosparatuhogar.com\/index.php?rest_route=\/wp\/v2\/media\/540"}],"wp:attachment":[{"href":"https:\/\/www.regalosparatuhogar.com\/index.php?rest_route=%2Fwp%2Fv2%2Fmedia&parent=2462"}],"wp:term":[{"taxonomy":"product_brand","embeddable":true,"href":"https:\/\/www.regalosparatuhogar.com\/index.php?rest_route=%2Fwp%2Fv2%2Fproduct_brand&post=2462"},{"taxonomy":"product_cat","embeddable":true,"href":"https:\/\/www.regalosparatuhogar.com\/index.php?rest_route=%2Fwp%2Fv2%2Fproduct_cat&post=2462"},{"taxonomy":"product_tag","embeddable":true,"href":"https:\/\/www.regalosparatuhogar.com\/index.php?rest_route=%2Fwp%2Fv2%2Fproduct_tag&post=2462"}],"curies":[{"name":"wp","href":"https:\/\/api.w.org\/{rel}","templated":true}]}}