{"id":2465,"date":"2024-11-05T14:55:25","date_gmt":"2024-11-05T18:55:25","guid":{"rendered":"https:\/\/www.regalosparatuhogar.com\/?post_type=product&#038;p=2465"},"modified":"2024-11-05T14:56:17","modified_gmt":"2024-11-05T18:56:17","slug":"llaveros-replicas-miniatura-de-herramientas","status":"publish","type":"product","link":"https:\/\/www.regalosparatuhogar.com\/?product=llaveros-replicas-miniatura-de-herramientas","title":{"rendered":"Llaveros R\u00e9plicas Miniatura de Herramientas"},"content":{"rendered":"<p>Hermosos Llaveros para coleccionar o regalar<\/p>\n<p>Llaveros hechos en aleaci\u00f3n de aluminio, muy pr\u00e1cticos y resistentes, con dise\u00f1os miniatura de diferentes herramientas.<\/p>\n<p>Tama\u00f1o de cada pieza: \u00a0entre 5 y 7 cm, mas su cadena y anillo de llavero.<\/p>\n<p>Viene en lindo estuche de Acetato, listo para regalar.<\/p>\n","protected":false},"excerpt":{"rendered":"<p>Pr\u00e1cticos llaveros para regalar en cualquier ocasi\u00f3n, en especial este d\u00eda del Padre.<\/p>\n","protected":false},"featured_media":581,"comment_status":"open","ping_status":"closed","template":"","meta":[],"product_brand":[],"product_cat":[19,116,153],"product_tag":[278,279,280,281],"class_list":{"0":"post-2465","1":"product","2":"type-product","3":"status-publish","4":"has-post-thumbnail","6":"product_cat-hogar","7":"product_cat-home-office-y-clases-virtuales","8":"product_cat-juguetes-y-regalos-para-todas-las-edades","9":"product_tag-herramientas-de-juguete","10":"product_tag-llavero","11":"product_tag-miniaturas","12":"product_tag-regalo-para-papa","14":"first","15":"instock","16":"taxable","17":"shipping-taxable","18":"purchasable","19":"product-type-simple"},"jetpack_sharing_enabled":true,"_links":{"self":[{"href":"https:\/\/www.regalosparatuhogar.com\/index.php?rest_route=\/wp\/v2\/product\/2465","targetHints":{"allow":["GET"]}}],"collection":[{"href":"https:\/\/www.regalosparatuhogar.com\/index.php?rest_route=\/wp\/v2\/product"}],"about":[{"href":"https:\/\/www.regalosparatuhogar.com\/index.php?rest_route=\/wp\/v2\/types\/product"}],"replies":[{"embeddable":true,"href":"https:\/\/www.regalosparatuhogar.com\/index.php?rest_route=%2Fwp%2Fv2%2Fcomments&post=2465"}],"wp:featuredmedia":[{"embeddable":true,"href":"https:\/\/www.regalosparatuhogar.com\/index.php?rest_route=\/wp\/v2\/media\/581"}],"wp:attachment":[{"href":"https:\/\/www.regalosparatuhogar.com\/index.php?rest_route=%2Fwp%2Fv2%2Fmedia&parent=2465"}],"wp:term":[{"taxonomy":"product_brand","embeddable":true,"href":"https:\/\/www.regalosparatuhogar.com\/index.php?rest_route=%2Fwp%2Fv2%2Fproduct_brand&post=2465"},{"taxonomy":"product_cat","embeddable":true,"href":"https:\/\/www.regalosparatuhogar.com\/index.php?rest_route=%2Fwp%2Fv2%2Fproduct_cat&post=2465"},{"taxonomy":"product_tag","embeddable":true,"href":"https:\/\/www.regalosparatuhogar.com\/index.php?rest_route=%2Fwp%2Fv2%2Fproduct_tag&post=2465"}],"curies":[{"name":"wp","href":"https:\/\/api.w.org\/{rel}","templated":true}]}}