{"id":2467,"date":"2024-11-05T14:55:47","date_gmt":"2024-11-05T18:55:47","guid":{"rendered":"https:\/\/www.regalosparatuhogar.com\/?post_type=product&#038;p=2467"},"modified":"2024-11-05T14:56:19","modified_gmt":"2024-11-05T18:56:19","slug":"mezclador-espumador-para-leche-batidos-capuchino-huevos-revueltos","status":"publish","type":"product","link":"https:\/\/www.regalosparatuhogar.com\/?product=mezclador-espumador-para-leche-batidos-capuchino-huevos-revueltos","title":{"rendered":"Mezclador \/ Espumador para leche, batidos, capuchino, huevos revueltos &#8230;"},"content":{"rendered":"<p><strong>Espumador de leche de alta calidad<\/strong>\u00a0El cabezal batidor del espumador desmontable est\u00e1 hecho de acero inoxidable de primera calidad apto para uso alimentario, f\u00e1cil de limpiar. La varita para hacer espuma de caf\u00e9 est\u00e1 hecha de ABS apto para alimentos con un agarre f\u00e1cil y c\u00f3modo.<\/p>\n<p><strong>Espuma cremosa en segundos <\/strong>Los amantes del caf\u00e9 somos serios cuando se trata de nuestro caf\u00e9. El espumador Milk Boss le da ese toque final profesional a su caf\u00e9 con leche, capuchino, macchiato o chocolate caliente. Haz una deliciosa crema espumosa para tus bebidas en casa sin tener que ir a una cafeter\u00eda con tu propio espumador de leche.<\/p>\n<p><strong>Calidad probada y confiable. <\/strong>Utilizamos solo materiales de primera calidad. La construcci\u00f3n durar\u00e1, respaldada por nuestra garant\u00eda de no oxidarse ni romperse nunca. Nuestro peque\u00f1o y eficiente mezclador funciona con todo tipo de leche: mitad y mitad, crema, soya, almendra, anacardo, avellana.<\/p>\n<p><strong>F\u00e1cil de limpiar y almacenar. <\/strong>\u00a0El soporte de metal conveniente y duradero brinda f\u00e1cil acceso a la bondad espumosa en segundos. La limpieza de este batidor y espumador de matcha es a\u00fan m\u00e1s r\u00e1pida. Para limpiar, simplemente coloque el batidor en agua corriente caliente y enci\u00e9ndalo brevemente, \u00a1l\u00edmpielo al instante! Cuando se almacena en el mostrador o la mesa, queda bien junto a otros accesorios de caf\u00e9.<\/p>\n<p><strong>Sin complicaciones, garant\u00eda. <\/strong>Tenga la confianza de que este vaporizador durar\u00e1, si alguna vez hay alg\u00fan problema, solo cont\u00e1ctenos, ordene ahora y tenga la seguridad de que este producto cumplir\u00e1 con sus expectativas, garantizado.<\/p>\n","protected":false},"excerpt":{"rendered":"<p>Este producto se puede usar para batir leche, espuma de caf\u00e9, huevos, mezclar batidos, batidos, batidos, aderezos para ensaladas, caf\u00e9 con leche, capuchinos, chocolate caliente, bebidas, etc.<\/p>\n<p>\u00bfCu\u00e1ntas bater\u00edas se necesitan, se pueden usar bater\u00edas normales?<\/p>\n<p>Se deben utilizar 4 pilas secas alcalinas AA.. Se lo entregamos con el primer set de bater\u00edas, que durar\u00e1 unos 6 meses si se usa una vez por dia.<\/p>\n","protected":false},"featured_media":611,"comment_status":"open","ping_status":"closed","template":"","meta":[],"product_brand":[],"product_cat":[28,128,191,153],"product_tag":[289,290,178,253,291,255,292,293,294],"class_list":{"0":"post-2467","1":"product","2":"type-product","3":"status-publish","4":"has-post-thumbnail","6":"product_cat-cocina","7":"product_cat-electrodomesticos","8":"product_cat-panaderia","9":"product_cat-juguetes-y-regalos-para-todas-las-edades","10":"product_tag-batidos","11":"product_tag-bebidas","12":"product_tag-cafe","13":"product_tag-capuchino","14":"product_tag-huevos-revueltos","15":"product_tag-mezclador","16":"product_tag-milkshake","17":"product_tag-quesos","18":"product_tag-tortillas","20":"first","21":"instock","22":"taxable","23":"shipping-taxable","24":"purchasable","25":"product-type-simple"},"jetpack_sharing_enabled":true,"_links":{"self":[{"href":"https:\/\/www.regalosparatuhogar.com\/index.php?rest_route=\/wp\/v2\/product\/2467","targetHints":{"allow":["GET"]}}],"collection":[{"href":"https:\/\/www.regalosparatuhogar.com\/index.php?rest_route=\/wp\/v2\/product"}],"about":[{"href":"https:\/\/www.regalosparatuhogar.com\/index.php?rest_route=\/wp\/v2\/types\/product"}],"replies":[{"embeddable":true,"href":"https:\/\/www.regalosparatuhogar.com\/index.php?rest_route=%2Fwp%2Fv2%2Fcomments&post=2467"}],"wp:featuredmedia":[{"embeddable":true,"href":"https:\/\/www.regalosparatuhogar.com\/index.php?rest_route=\/wp\/v2\/media\/611"}],"wp:attachment":[{"href":"https:\/\/www.regalosparatuhogar.com\/index.php?rest_route=%2Fwp%2Fv2%2Fmedia&parent=2467"}],"wp:term":[{"taxonomy":"product_brand","embeddable":true,"href":"https:\/\/www.regalosparatuhogar.com\/index.php?rest_route=%2Fwp%2Fv2%2Fproduct_brand&post=2467"},{"taxonomy":"product_cat","embeddable":true,"href":"https:\/\/www.regalosparatuhogar.com\/index.php?rest_route=%2Fwp%2Fv2%2Fproduct_cat&post=2467"},{"taxonomy":"product_tag","embeddable":true,"href":"https:\/\/www.regalosparatuhogar.com\/index.php?rest_route=%2Fwp%2Fv2%2Fproduct_tag&post=2467"}],"curies":[{"name":"wp","href":"https:\/\/api.w.org\/{rel}","templated":true}]}}