{"id":2477,"date":"2024-11-05T14:56:10","date_gmt":"2024-11-05T18:56:10","guid":{"rendered":"https:\/\/www.regalosparatuhogar.com\/?post_type=product&#038;p=2477"},"modified":"2024-11-05T14:56:47","modified_gmt":"2024-11-05T18:56:47","slug":"rallador-con-sistema-de-tambores","status":"publish","type":"product","link":"https:\/\/www.regalosparatuhogar.com\/?product=rallador-con-sistema-de-tambores","title":{"rendered":"Rallador con sistema de Tambores"},"content":{"rendered":"<p>El rallador de tambor para verduras, frutas, vegetales y semillas es un utensilio vers\u00e1til y pr\u00e1ctico dise\u00f1ado para facilitar la preparaci\u00f3n de alimentos. Este rallador cuenta con tres diferentes tambores ralladores intercambiables, cada uno con una funci\u00f3n espec\u00edfica para satisfacer diversas necesidades culinarias.<\/p>\n<p><img loading=\"lazy\" decoding=\"async\" src=\"https:\/\/www.regalosparatuhogar.com\/wp-content\/uploads\/2023\/12\/3-8.jpg\" alt=\"\" width=\"750\" height=\"899\" class=\"alignnone size-full wp-image-2287\" \/><\/p>\n<p>1. Rallador fino: Este tambor est\u00e1 dise\u00f1ado con orificios peque\u00f1os que permiten rallar los alimentos en finas hebras. Es ideal para rallar queso, nueces, zanahorias y otros ingredientes que requieren una textura muy fina.<\/p>\n<p>2. Rallador grueso: Este tambor tiene orificios m\u00e1s grandes, lo que permite rallar los alimentos en hebras m\u00e1s gruesas. Es perfecto para rallar papas, zanahorias, manzanas y otros ingredientes que desees darles una textura m\u00e1s gruesa.<\/p>\n<p>3. Rallador en forma de fetas o tajadas: Este tambor est\u00e1 dise\u00f1ado para cortar los alimentos en tiras finas y alargadas. Es ideal para preparar ensaladas, adornar platos con vegetales en forma de tajadas, como quesos, tomates, pepinos, etc.<\/p>\n<p><img loading=\"lazy\" decoding=\"async\" src=\"https:\/\/www.regalosparatuhogar.com\/wp-content\/uploads\/2023\/12\/2-8.jpg\" alt=\"\" width=\"750\" height=\"1018\" class=\"alignnone size-full wp-image-2288\" \/><\/p>\n<p><img loading=\"lazy\" decoding=\"async\" src=\"https:\/\/www.regalosparatuhogar.com\/wp-content\/uploads\/2023\/12\/5-4.jpg\" alt=\"\" width=\"800\" height=\"800\" class=\"alignnone size-full wp-image-2266\" \/><\/p>\n<p><img loading=\"lazy\" decoding=\"async\" src=\"https:\/\/www.regalosparatuhogar.com\/wp-content\/uploads\/2023\/12\/4-5.jpg\" alt=\"\" width=\"750\" height=\"969\" class=\"alignnone size-full wp-image-2286\" \/><\/p>\n<p><img loading=\"lazy\" decoding=\"async\" src=\"https:\/\/www.regalosparatuhogar.com\/wp-content\/uploads\/2023\/12\/5-5.jpg\" alt=\"\" width=\"750\" height=\"883\" class=\"alignnone size-full wp-image-2285\" \/><\/p>\n<p>Disponible en 3 colores a escoger: rojo, verde o celeste.<\/p>\n<p><img loading=\"lazy\" decoding=\"async\" src=\"https:\/\/www.regalosparatuhogar.com\/wp-content\/uploads\/2023\/12\/17-768x1024.jpg\" alt=\"\" width=\"640\" height=\"853\" class=\"alignnone size-large wp-image-2274\" \/><\/p>\n","protected":false},"excerpt":{"rendered":"<p>El rallador con sistema de tambor es un utensilio de cocina pr\u00e1ctico y vers\u00e1til que cuenta con tambores intercambiables para rallar distintos tipos de alimentos. <\/p>\n<p>Con su dise\u00f1o compacto y funcional, este rallador permite obtener resultados r\u00e1pidos y precisos al momento de rallar verduras, frutas, vegetales y semillas. Su estructura de tambor facilita el proceso de rallado y ofrece opciones para obtener diferentes texturas, desde finas hebras hasta tajadas alargadas. Adem\u00e1s, su f\u00e1cil limpieza y almacenamiento hacen de este rallador una herramienta conveniente y eficiente en la cocina.<\/p>\n","protected":false},"featured_media":723,"comment_status":"open","ping_status":"closed","template":"","meta":[],"product_brand":[],"product_cat":[28,65,153],"product_tag":[133,333,334,335,92,336,136,337,338,339],"class_list":{"0":"post-2477","1":"product","2":"type-product","3":"status-publish","4":"has-post-thumbnail","6":"product_cat-cocina","7":"product_cat-recetas-saludables","8":"product_cat-juguetes-y-regalos-para-todas-las-edades","9":"product_tag-ensalada","10":"product_tag-ensalada-cesar","11":"product_tag-ensalada-de-frutas","12":"product_tag-ensalada-de-verduras","13":"product_tag-rallador","14":"product_tag-rallador-de-tambor","15":"product_tag-rallador-de-verduras","16":"product_tag-rallar-frutas","17":"product_tag-rallar-hortalizas","18":"product_tag-rallar-verduras","20":"first","21":"instock","22":"taxable","23":"shipping-taxable","24":"purchasable","25":"product-type-simple"},"jetpack_sharing_enabled":true,"_links":{"self":[{"href":"https:\/\/www.regalosparatuhogar.com\/index.php?rest_route=\/wp\/v2\/product\/2477","targetHints":{"allow":["GET"]}}],"collection":[{"href":"https:\/\/www.regalosparatuhogar.com\/index.php?rest_route=\/wp\/v2\/product"}],"about":[{"href":"https:\/\/www.regalosparatuhogar.com\/index.php?rest_route=\/wp\/v2\/types\/product"}],"replies":[{"embeddable":true,"href":"https:\/\/www.regalosparatuhogar.com\/index.php?rest_route=%2Fwp%2Fv2%2Fcomments&post=2477"}],"wp:featuredmedia":[{"embeddable":true,"href":"https:\/\/www.regalosparatuhogar.com\/index.php?rest_route=\/wp\/v2\/media\/723"}],"wp:attachment":[{"href":"https:\/\/www.regalosparatuhogar.com\/index.php?rest_route=%2Fwp%2Fv2%2Fmedia&parent=2477"}],"wp:term":[{"taxonomy":"product_brand","embeddable":true,"href":"https:\/\/www.regalosparatuhogar.com\/index.php?rest_route=%2Fwp%2Fv2%2Fproduct_brand&post=2477"},{"taxonomy":"product_cat","embeddable":true,"href":"https:\/\/www.regalosparatuhogar.com\/index.php?rest_route=%2Fwp%2Fv2%2Fproduct_cat&post=2477"},{"taxonomy":"product_tag","embeddable":true,"href":"https:\/\/www.regalosparatuhogar.com\/index.php?rest_route=%2Fwp%2Fv2%2Fproduct_tag&post=2477"}],"curies":[{"name":"wp","href":"https:\/\/api.w.org\/{rel}","templated":true}]}}