{"id":2478,"date":"2024-11-05T14:56:10","date_gmt":"2024-11-05T18:56:10","guid":{"rendered":"https:\/\/www.regalosparatuhogar.com\/?post_type=product&#038;p=2478"},"modified":"2024-11-06T11:21:18","modified_gmt":"2024-11-06T15:21:18","slug":"molino-para-cafe-granos-especias","status":"publish","type":"product","link":"https:\/\/www.regalosparatuhogar.com\/?product=molino-para-cafe-granos-especias","title":{"rendered":"Molino para caf\u00e9, granos, especias &#8230;"},"content":{"rendered":"<p>El Coffee Grinder QL-002 es un molinillo de caf\u00e9 con una capacidad de hasta 85 gramos de granos de caf\u00e9. Cuenta con una tapa transparente que te permite observar el proceso de molienda y asegurar la consistencia deseada. La tapa incorpora un interruptor que facilita su uso durante la operaci\u00f3n.<\/p>\n<p>Este molinillo no se limita solo a caf\u00e9, ya que tambi\u00e9n es capaz de moler otros ingredientes como nueces, especias, entre otros. Su versatilidad lo convierte en una herramienta pr\u00e1ctica para aquellos que buscan una amplia gama de opciones de molienda.<\/p>\n<p>El dispositivo est\u00e1 dise\u00f1ado para funcionar con una fuente de alimentaci\u00f3n de 220-240V a una frecuencia de 60\/60Hz. Adem\u00e1s, su consumo de energ\u00eda es eficiente, con un consumo de 150 vatios, lo que lo hace adecuado para un uso diario sin un gasto excesivo de electricidad. Con el Coffee Grinder QL-002, disfrutar\u00e1s de la frescura y la calidad de tus ingredientes molidos favoritos de manera conveniente y eficiente.<\/p>\n","protected":false},"excerpt":{"rendered":"<p>El Coffee Grinder QL-002 es un molinillo de caf\u00e9 con capacidad para 85 gramos de granos. Posee una tapa transparente con interruptor, permitiendo moler caf\u00e9, nueces y especias. Funciona a 220-240V, 60\/60Hz, con un consumo eficiente de 150W. Ideal para disfrutar de ingredientes molidos frescos de manera pr\u00e1ctica y vers\u00e1til.<\/p>\n","protected":false},"featured_media":736,"comment_status":"open","ping_status":"closed","template":"","meta":[],"product_brand":[],"product_cat":[28,128],"product_tag":[340,178,341,342,343,344,345],"class_list":{"0":"post-2478","1":"product","2":"type-product","3":"status-publish","4":"has-post-thumbnail","6":"product_cat-cocina","7":"product_cat-electrodomesticos","8":"product_tag-aji","9":"product_tag-cafe","10":"product_tag-cafe-en-grano","11":"product_tag-canela","12":"product_tag-especias","13":"product_tag-hummus","14":"product_tag-molino","16":"first","17":"instock","18":"taxable","19":"shipping-taxable","20":"purchasable","21":"product-type-simple"},"jetpack_sharing_enabled":true,"_links":{"self":[{"href":"https:\/\/www.regalosparatuhogar.com\/index.php?rest_route=\/wp\/v2\/product\/2478","targetHints":{"allow":["GET"]}}],"collection":[{"href":"https:\/\/www.regalosparatuhogar.com\/index.php?rest_route=\/wp\/v2\/product"}],"about":[{"href":"https:\/\/www.regalosparatuhogar.com\/index.php?rest_route=\/wp\/v2\/types\/product"}],"replies":[{"embeddable":true,"href":"https:\/\/www.regalosparatuhogar.com\/index.php?rest_route=%2Fwp%2Fv2%2Fcomments&post=2478"}],"wp:featuredmedia":[{"embeddable":true,"href":"https:\/\/www.regalosparatuhogar.com\/index.php?rest_route=\/wp\/v2\/media\/736"}],"wp:attachment":[{"href":"https:\/\/www.regalosparatuhogar.com\/index.php?rest_route=%2Fwp%2Fv2%2Fmedia&parent=2478"}],"wp:term":[{"taxonomy":"product_brand","embeddable":true,"href":"https:\/\/www.regalosparatuhogar.com\/index.php?rest_route=%2Fwp%2Fv2%2Fproduct_brand&post=2478"},{"taxonomy":"product_cat","embeddable":true,"href":"https:\/\/www.regalosparatuhogar.com\/index.php?rest_route=%2Fwp%2Fv2%2Fproduct_cat&post=2478"},{"taxonomy":"product_tag","embeddable":true,"href":"https:\/\/www.regalosparatuhogar.com\/index.php?rest_route=%2Fwp%2Fv2%2Fproduct_tag&post=2478"}],"curies":[{"name":"wp","href":"https:\/\/api.w.org\/{rel}","templated":true}]}}