{"id":2481,"date":"2024-11-05T14:56:10","date_gmt":"2024-11-05T18:56:10","guid":{"rendered":"https:\/\/www.regalosparatuhogar.com\/?post_type=product&#038;p=2481"},"modified":"2024-11-05T14:56:56","modified_gmt":"2024-11-05T18:56:56","slug":"cajita-de-panuelos-con-soporte-para-celular","status":"publish","type":"product","link":"https:\/\/www.regalosparatuhogar.com\/?product=cajita-de-panuelos-con-soporte-para-celular","title":{"rendered":"Cajita de Pa\u00f1uelos con Soporte para Celular"},"content":{"rendered":"<p><strong>Caracter\u00edsticas:<\/strong><\/p>\n<p>1. Dise\u00f1o de almacenamiento doble, no solo puede ser un soporte para pa\u00f1uelos, sino que tambi\u00e9n se puede utilizar como soporte para tel\u00e9fono m\u00f3vil con la ranura.<\/p>\n<p>2. La caja de pa\u00f1uelos cuadrada retro, con un dise\u00f1o de tapa en forma de TV en miniatura, puede sacar f\u00e1cilmente los pa\u00f1uelos, muy linda.<\/p>\n<p>3 \u3001 Hecho de materiales de alta calidad, bellamente decorado, adecuado para escritorio o soporte de exhibici\u00f3n.<\/p>\n<p>4 \u3001 Con una abertura grande y un tama\u00f1o moderado, puede acomodar la mayor\u00eda de cajas de pa\u00f1uelos cuadradas de tama\u00f1o est\u00e1ndar y montones de servilletas o pa\u00f1uelos.<\/p>\n<p>5 \u3001 una caja de almacenamiento con funci\u00f3n decorativa, amplia aplicaci\u00f3n, adecuada para cocina, sala de estar, oficina, dormitorios y m\u00e1s.<\/p>\n<p><strong>Especificaci\u00f3n:<\/strong><\/p>\n<p>Condici\u00f3n: 100% nuevo<\/p>\n<p>Tipo de art\u00edculo: Caja de pa\u00f1uelos<\/p>\n<p>Material: ABS+PP<\/p>\n<p>Colores a escoger: Verde, Rosa, Gris, Azul.<\/p>\n<p><strong>Nota:<\/strong><\/p>\n<p>La capacidad de la caja es para 1 de 100 pa\u00f1uelos, o 3 de 30 apilados.<\/p>\n<p>Lista de paquetes:<\/p>\n<p>1 caja de pa\u00f1uelos.<\/p>\n<p>3 botones.<\/p>\n<p>4 soportes.<\/p>\n<p>Tama\u00f1o: 18,5&#215;13,5x16CM<\/p>\n<p>Material: PP<\/p>\n<p>Adecuado para: ba\u00f1o, sal\u00f3n, cocina.<\/p>\n","protected":false},"excerpt":{"rendered":"<p>Reci\u00e9n Importado!!!!<\/p>\n<p>Cajita de pa\u00f1uelos con un hermoso dise\u00f1o vintage, con soporte para el celular.<\/p>\n<p>Ideal para preparar sus recetas en la cocina, o para poner en la mesa mientras come, o para ver la telenovela en el balc\u00f3n. Las posibilidades son infinitas.<\/p>\n<p>Disponible en colores Verde, Gris, Azul o Rosa.<\/p>\n<p>Ideal para su casa o para regalar.<\/p>\n","protected":false},"featured_media":766,"comment_status":"open","ping_status":"closed","template":"","meta":[],"product_brand":[],"product_cat":[20,48,72,120,153,49],"product_tag":[354,355,356,357,358],"class_list":{"0":"post-2481","1":"product","2":"type-product","3":"status-publish","4":"has-post-thumbnail","6":"product_cat-accesorios","7":"product_cat-oficina","8":"product_cat-organizadores","9":"product_cat-para-el-celular","10":"product_cat-juguetes-y-regalos-para-todas-las-edades","11":"product_cat-salud-y-belleza","12":"product_tag-cajita-tv","13":"product_tag-panuelos","14":"product_tag-tiktok","15":"product_tag-ver-videos","16":"product_tag-youtube","18":"first","19":"instock","20":"taxable","21":"shipping-taxable","22":"purchasable","23":"product-type-simple"},"jetpack_sharing_enabled":true,"_links":{"self":[{"href":"https:\/\/www.regalosparatuhogar.com\/index.php?rest_route=\/wp\/v2\/product\/2481","targetHints":{"allow":["GET"]}}],"collection":[{"href":"https:\/\/www.regalosparatuhogar.com\/index.php?rest_route=\/wp\/v2\/product"}],"about":[{"href":"https:\/\/www.regalosparatuhogar.com\/index.php?rest_route=\/wp\/v2\/types\/product"}],"replies":[{"embeddable":true,"href":"https:\/\/www.regalosparatuhogar.com\/index.php?rest_route=%2Fwp%2Fv2%2Fcomments&post=2481"}],"wp:featuredmedia":[{"embeddable":true,"href":"https:\/\/www.regalosparatuhogar.com\/index.php?rest_route=\/wp\/v2\/media\/766"}],"wp:attachment":[{"href":"https:\/\/www.regalosparatuhogar.com\/index.php?rest_route=%2Fwp%2Fv2%2Fmedia&parent=2481"}],"wp:term":[{"taxonomy":"product_brand","embeddable":true,"href":"https:\/\/www.regalosparatuhogar.com\/index.php?rest_route=%2Fwp%2Fv2%2Fproduct_brand&post=2481"},{"taxonomy":"product_cat","embeddable":true,"href":"https:\/\/www.regalosparatuhogar.com\/index.php?rest_route=%2Fwp%2Fv2%2Fproduct_cat&post=2481"},{"taxonomy":"product_tag","embeddable":true,"href":"https:\/\/www.regalosparatuhogar.com\/index.php?rest_route=%2Fwp%2Fv2%2Fproduct_tag&post=2481"}],"curies":[{"name":"wp","href":"https:\/\/api.w.org\/{rel}","templated":true}]}}