{"id":2483,"date":"2024-11-05T14:56:11","date_gmt":"2024-11-05T18:56:11","guid":{"rendered":"https:\/\/www.regalosparatuhogar.com\/?post_type=product&#038;p=2483"},"modified":"2024-11-05T14:56:58","modified_gmt":"2024-11-05T18:56:58","slug":"rodillo-facial-en-piedra-natural-de-jade","status":"publish","type":"product","link":"https:\/\/www.regalosparatuhogar.com\/?product=rodillo-facial-en-piedra-natural-de-jade","title":{"rendered":"Rodillo Facial en Piedra Natural de Jade"},"content":{"rendered":"<p><strong>Caracter\u00edsticas<\/strong>:<\/p>\n<p><strong>Aut\u00e9ntico y natural:<\/strong> el rodillo de jade facial totalmente natural est\u00e1 hecho de piedra aut\u00e9ntica con una textura de superficie ultrasuave para hacer del rodillo de jade un excelente y popular producto antienvejecimiento.<\/p>\n<p><strong>Rodillo de jade facial<\/strong>: Tama\u00f1o aproximado 20x140x50 mm. El rodillo de jade natural puede ayudar a promover la circulaci\u00f3n sangu\u00ednea y relajar el cuerpo, mejorar el tono de la piel y reducir la hinchaz\u00f3n y las arrugas; usarlo con crema facial ayudar\u00e1 a que la crema se absorba de manera m\u00e1s efectiva.<\/p>\n<p><strong>Beneficios visibles<\/strong>: Puede ver una diferencia visible en su rostro despu\u00e9s de usar el masajeador facial con rodillo de jade un par de veces, ideal para reducir la apariencia de l\u00edneas finas, arrugas y ojos morados.<\/p>\n<p><img loading=\"lazy\" decoding=\"async\" class=\"alignnone size-full wp-image-2457\" src=\"https:\/\/www.regalosparatuhogar.com\/wp-content\/uploads\/2024\/02\/1-13.jpg\" alt=\"\" width=\"1000\" height=\"623\" \/><\/p>\n<p><strong>\u00bfQu\u00e9 hace el Rodillo?<\/strong><\/p>\n<p>1. Ayuda a maximizar la absorci\u00f3n del aceite, suero, crema o humectante facial.<\/p>\n<p>2. Reducir la hinchaz\u00f3n de la piel, aliviar la aparici\u00f3n de ojeras.<\/p>\n<p>3. El rodillo para ojos iluminar\u00e1 el cutis, cerrar\u00e1 los poros y ayudar\u00e1 a reducir la apariencia de l\u00edneas finas y arrugas.<\/p>\n<p>4. Te ayuda a relajar y calmar la tensi\u00f3n muscular.<\/p>\n","protected":false},"excerpt":{"rendered":"<p>Los rodillos de cuarzo para la cara son herramientas de belleza utilizadas en rutinas de cuidado de la piel. Est\u00e1n hechos de cuarzo natural, como el jade, la Serpentina o la Labradorita, y se utilizan para masajear la piel, reducir la hinchaz\u00f3n, estimular la circulaci\u00f3n sangu\u00ednea y ayudar a la absorci\u00f3n de los productos para el cuidado de la piel. Algunas personas tambi\u00e9n los utilizan para ayudar a reducir el estr\u00e9s y la tensi\u00f3n facial.<\/p>\n","protected":false},"featured_media":791,"comment_status":"open","ping_status":"closed","template":"","meta":[],"product_brand":[],"product_cat":[21,153,49],"product_tag":[362,363,364,365,366,367,368,369],"class_list":{"0":"post-2483","1":"product","2":"type-product","3":"status-publish","4":"has-post-thumbnail","6":"product_cat-limpieza-y-aseo","7":"product_cat-juguetes-y-regalos-para-todas-las-edades","8":"product_cat-salud-y-belleza","9":"product_tag-belleza","10":"product_tag-facial","11":"product_tag-humectante","12":"product_tag-irrigacion-de-la-piel","13":"product_tag-relajacion-de-la-piel","14":"product_tag-relax","15":"product_tag-rodillo-facial","16":"product_tag-rostro","18":"first","19":"instock","20":"taxable","21":"shipping-taxable","22":"purchasable","23":"product-type-simple"},"jetpack_sharing_enabled":true,"_links":{"self":[{"href":"https:\/\/www.regalosparatuhogar.com\/index.php?rest_route=\/wp\/v2\/product\/2483","targetHints":{"allow":["GET"]}}],"collection":[{"href":"https:\/\/www.regalosparatuhogar.com\/index.php?rest_route=\/wp\/v2\/product"}],"about":[{"href":"https:\/\/www.regalosparatuhogar.com\/index.php?rest_route=\/wp\/v2\/types\/product"}],"replies":[{"embeddable":true,"href":"https:\/\/www.regalosparatuhogar.com\/index.php?rest_route=%2Fwp%2Fv2%2Fcomments&post=2483"}],"wp:featuredmedia":[{"embeddable":true,"href":"https:\/\/www.regalosparatuhogar.com\/index.php?rest_route=\/wp\/v2\/media\/791"}],"wp:attachment":[{"href":"https:\/\/www.regalosparatuhogar.com\/index.php?rest_route=%2Fwp%2Fv2%2Fmedia&parent=2483"}],"wp:term":[{"taxonomy":"product_brand","embeddable":true,"href":"https:\/\/www.regalosparatuhogar.com\/index.php?rest_route=%2Fwp%2Fv2%2Fproduct_brand&post=2483"},{"taxonomy":"product_cat","embeddable":true,"href":"https:\/\/www.regalosparatuhogar.com\/index.php?rest_route=%2Fwp%2Fv2%2Fproduct_cat&post=2483"},{"taxonomy":"product_tag","embeddable":true,"href":"https:\/\/www.regalosparatuhogar.com\/index.php?rest_route=%2Fwp%2Fv2%2Fproduct_tag&post=2483"}],"curies":[{"name":"wp","href":"https:\/\/api.w.org\/{rel}","templated":true}]}}