{"id":2484,"date":"2024-11-05T14:56:11","date_gmt":"2024-11-05T18:56:11","guid":{"rendered":"https:\/\/www.regalosparatuhogar.com\/?post_type=product&#038;p=2484"},"modified":"2024-11-05T14:56:59","modified_gmt":"2024-11-05T18:56:59","slug":"carrito-plegable","status":"publish","type":"product","link":"https:\/\/www.regalosparatuhogar.com\/?product=carrito-plegable","title":{"rendered":"Carrito Plegable"},"content":{"rendered":"<p>El carrito plegable, perfecto para transportar cargas pesadas, es una adici\u00f3n ideal para tu auto, hogar u oficina.<\/p>\n<p>Tiene capacidad de hasta 45 kilos, es \u00fatil para cargar maletas, bidones, cajas, tubo peque\u00f1os de gas, y m\u00e1s.<\/p>\n<p>Sus medidas de 1 metro de alto, 35cm de fondo y 35cm de ancho lo hacen conveniente y compacto. \u00a0doblado, ocupa 65 cm. de fondo, 30 cm. de ancho y 35 de largo.<\/p>\n<p>Equipado con ruedas amplias de caucho resistente y silencioso, garantiza un transporte f\u00e1cil y discreto.<\/p>\n","protected":false},"excerpt":{"rendered":"<p>El carrito plegable, perfecto para transportar cargas pesadas, es una adici\u00f3n ideal para tu auto, hogar u oficina.<\/p>\n","protected":false},"featured_media":806,"comment_status":"open","ping_status":"closed","template":"","meta":[],"product_brand":[],"product_cat":[20,28,64,48,153,165],"product_tag":[370,371,372,373,374],"class_list":{"0":"post-2484","1":"product","2":"type-product","3":"status-publish","4":"has-post-thumbnail","6":"product_cat-accesorios","7":"product_cat-cocina","8":"product_cat-confort","9":"product_cat-oficina","10":"product_cat-juguetes-y-regalos-para-todas-las-edades","11":"product_cat-seguridad","12":"product_tag-carga","13":"product_tag-carrito","14":"product_tag-llevar-cajas","15":"product_tag-llevar-gas","16":"product_tag-llevar-maletas","18":"first","19":"instock","20":"taxable","21":"shipping-taxable","22":"purchasable","23":"product-type-simple"},"jetpack_sharing_enabled":true,"_links":{"self":[{"href":"https:\/\/www.regalosparatuhogar.com\/index.php?rest_route=\/wp\/v2\/product\/2484","targetHints":{"allow":["GET"]}}],"collection":[{"href":"https:\/\/www.regalosparatuhogar.com\/index.php?rest_route=\/wp\/v2\/product"}],"about":[{"href":"https:\/\/www.regalosparatuhogar.com\/index.php?rest_route=\/wp\/v2\/types\/product"}],"replies":[{"embeddable":true,"href":"https:\/\/www.regalosparatuhogar.com\/index.php?rest_route=%2Fwp%2Fv2%2Fcomments&post=2484"}],"wp:featuredmedia":[{"embeddable":true,"href":"https:\/\/www.regalosparatuhogar.com\/index.php?rest_route=\/wp\/v2\/media\/806"}],"wp:attachment":[{"href":"https:\/\/www.regalosparatuhogar.com\/index.php?rest_route=%2Fwp%2Fv2%2Fmedia&parent=2484"}],"wp:term":[{"taxonomy":"product_brand","embeddable":true,"href":"https:\/\/www.regalosparatuhogar.com\/index.php?rest_route=%2Fwp%2Fv2%2Fproduct_brand&post=2484"},{"taxonomy":"product_cat","embeddable":true,"href":"https:\/\/www.regalosparatuhogar.com\/index.php?rest_route=%2Fwp%2Fv2%2Fproduct_cat&post=2484"},{"taxonomy":"product_tag","embeddable":true,"href":"https:\/\/www.regalosparatuhogar.com\/index.php?rest_route=%2Fwp%2Fv2%2Fproduct_tag&post=2484"}],"curies":[{"name":"wp","href":"https:\/\/api.w.org\/{rel}","templated":true}]}}