{"id":2487,"date":"2024-11-05T14:56:11","date_gmt":"2024-11-05T18:56:11","guid":{"rendered":"https:\/\/www.regalosparatuhogar.com\/?post_type=product&#038;p=2487"},"modified":"2024-11-05T14:57:02","modified_gmt":"2024-11-05T18:57:02","slug":"bloqueador-para-palanca-de-puertas","status":"publish","type":"product","link":"https:\/\/www.regalosparatuhogar.com\/?product=bloqueador-para-palanca-de-puertas","title":{"rendered":"Bloqueador para Palanca de Puertas"},"content":{"rendered":"<p>Este art\u00edculo es un dispositivo de seguridad dise\u00f1ado para evitar que los beb\u00e9s y ni\u00f1os peque\u00f1os abran las puertas y se aventuren fuera de la casa sin supervisi\u00f3n. Su dise\u00f1o de rotaci\u00f3n de 180 grados facilita su uso para adultos, ya que simplemente deben presionar un bot\u00f3n y deslizar la cerradura para abrir la puerta.<\/p>\n<p>El seguro para puertas est\u00e1 fabricado en pl\u00e1stico resistente con dimensiones de \u00a07 x 3.5 x 5 cm. Esto permite adaptarse a una variedad de tipos de manijas de puertas.<\/p>\n<p>Una caracter\u00edstica importante es su facilidad de instalaci\u00f3n. Se puede colocar en la superficie de la puerta utilizando la cinta adhesiva en la parte posterior del dispositivo. Adem\u00e1s, se recomienda presionar la cerradura durante al menos 10 segundos despu\u00e9s de la instalaci\u00f3n para garantizar una adhesi\u00f3n adecuada.<\/p>\n<p>Una vez instalado, los adultos pueden bloquear y desbloquear la puerta presionando el bot\u00f3n correspondiente en el seguro. Esto proporciona tranquilidad a los padres y cuidadores al saber que los ni\u00f1os est\u00e1n seguros en el interior de la casa y no pueden salir sin supervisi\u00f3n.<\/p>\n<p>&nbsp;<\/p>\n<p>&nbsp;<\/p>\n<p>Caracter\u00edsticas:<\/p>\n<p>&#8211; Previene efectivamente que los beb\u00e9s abran la puerta cuando no se les presta atenci\u00f3n.<\/p>\n<p>&#8211; Evita que los beb\u00e9s se escapen o se pierdan.<\/p>\n<p>&#8211; Evita que las personas tengan acceso a alg\u00fan \u00e1rea en los momentos que se requiera privacidad.<\/p>\n<p>&#8211; Despu\u00e9s de instalarlo y rotarlo, los adultos pueden usarlo normalmente.<\/p>\n<p>&#8211; Adecuado para todo tipo de manijas de puertas.<\/p>\n<p>Especificaciones:<\/p>\n<p>&#8211; Material: pl\u00e1stico<\/p>\n<p>&#8211; Tama\u00f1o : 7 * 3.5 * 5 cm<\/p>\n<p>M\u00e9todo de instalaci\u00f3n:<\/p>\n<p>1. Limpia la superficie del \u00e1rea de instalaci\u00f3n requerida.<\/p>\n<p>2. Usa la cinta adhesiva en la parte posterior para instalar el seguro de puerta para ni\u00f1os.<\/p>\n<p>3. Presiona el seguro de palanca de seguridad infantil durante 10 segundos o m\u00e1s para mejorar la adherencia.<\/p>\n<p>4. Presiona el bot\u00f3n para bloquear y desbloquear.<\/p>\n","protected":false},"excerpt":{"rendered":"<p>Este art\u00edculo es un seguro para puertas dise\u00f1ado para proporcionar comodidad a los adultos al permitirles abrir y cerrar la puerta con facilidad mediante un bot\u00f3n y deslizamiento, gracias a su dise\u00f1o de rotaci\u00f3n de 180 grados, previniendo que beb\u00e9s, mascotas y dem\u00e1s personas que puedan correr peligro de abrir accidentalmente la puerta, lo hagan.<\/p>\n","protected":false},"featured_media":826,"comment_status":"open","ping_status":"closed","template":"","meta":[],"product_brand":[],"product_cat":[20,64,116,48,165],"product_tag":[383,384,385,386,387,388,389],"class_list":{"0":"post-2487","1":"product","2":"type-product","3":"status-publish","4":"has-post-thumbnail","6":"product_cat-accesorios","7":"product_cat-confort","8":"product_cat-home-office-y-clases-virtuales","9":"product_cat-oficina","10":"product_cat-seguridad","11":"product_tag-bloqueador","12":"product_tag-manija","13":"product_tag-privacidad","14":"product_tag-puerta","15":"product_tag-seguridad-adultos","16":"product_tag-seguridad-bebes","17":"product_tag-seguro","19":"first","20":"instock","21":"taxable","22":"shipping-taxable","23":"purchasable","24":"product-type-simple"},"jetpack_sharing_enabled":true,"_links":{"self":[{"href":"https:\/\/www.regalosparatuhogar.com\/index.php?rest_route=\/wp\/v2\/product\/2487","targetHints":{"allow":["GET"]}}],"collection":[{"href":"https:\/\/www.regalosparatuhogar.com\/index.php?rest_route=\/wp\/v2\/product"}],"about":[{"href":"https:\/\/www.regalosparatuhogar.com\/index.php?rest_route=\/wp\/v2\/types\/product"}],"replies":[{"embeddable":true,"href":"https:\/\/www.regalosparatuhogar.com\/index.php?rest_route=%2Fwp%2Fv2%2Fcomments&post=2487"}],"wp:featuredmedia":[{"embeddable":true,"href":"https:\/\/www.regalosparatuhogar.com\/index.php?rest_route=\/wp\/v2\/media\/826"}],"wp:attachment":[{"href":"https:\/\/www.regalosparatuhogar.com\/index.php?rest_route=%2Fwp%2Fv2%2Fmedia&parent=2487"}],"wp:term":[{"taxonomy":"product_brand","embeddable":true,"href":"https:\/\/www.regalosparatuhogar.com\/index.php?rest_route=%2Fwp%2Fv2%2Fproduct_brand&post=2487"},{"taxonomy":"product_cat","embeddable":true,"href":"https:\/\/www.regalosparatuhogar.com\/index.php?rest_route=%2Fwp%2Fv2%2Fproduct_cat&post=2487"},{"taxonomy":"product_tag","embeddable":true,"href":"https:\/\/www.regalosparatuhogar.com\/index.php?rest_route=%2Fwp%2Fv2%2Fproduct_tag&post=2487"}],"curies":[{"name":"wp","href":"https:\/\/api.w.org\/{rel}","templated":true}]}}