{"id":2495,"date":"2024-11-05T14:56:49","date_gmt":"2024-11-05T18:56:49","guid":{"rendered":"https:\/\/www.regalosparatuhogar.com\/?post_type=product&#038;p=2495"},"modified":"2025-07-25T20:33:32","modified_gmt":"2025-07-26T00:33:32","slug":"burlete-para-puertas-de-hasta-1-metro","status":"publish","type":"product","link":"https:\/\/www.regalosparatuhogar.com\/?product=burlete-para-puertas-de-hasta-1-metro","title":{"rendered":"Burlete para Puertas de hasta 1 metro (cantidad m\u00ednima: 2)"},"content":{"rendered":"<p>Burlete de hasta 1 metro, se puede cortar a la medida de su puerta.<\/p>\n<p>Disponible en color marr\u00f3n, blanco, negro o gris.<\/p>\n<p>Impermeable.<\/p>\n<p>Durable.<\/p>\n","protected":false},"excerpt":{"rendered":"<p>Pr\u00e1ctico Burlete armable, impermeable. \u00a0 Cuando la puerta se cierra, el burlete m\u00f3vil se ajusta autom\u00e1ticamente a la parte inferior de la puerta, sellando cualquier espacio entre la puerta y el suelo para evitar fugas de aire y otros problemas.<\/p>\n<p>Los burletes m\u00f3viles para puertas son una forma efectiva y econ\u00f3mica de mejorar la eficiencia energ\u00e9tica de una casa, reduciendo la p\u00e9rdida de calor en invierno y la entrada de aire caliente en d\u00edas calurosos o frios. Tambi\u00e9n pueden ayudar a mantener un ambiente m\u00e1s confortable en el interior al reducir la entrada de ruido exterior y mejorar la calidad del aire al evitar la entrada de polvo, insectos, y contaminantes.<\/p>\n","protected":false},"featured_media":886,"comment_status":"open","ping_status":"closed","template":"","meta":[],"product_brand":[],"product_cat":[20,19],"product_tag":[221,433,297,298,434,435],"class_list":{"0":"post-2495","1":"product","2":"type-product","3":"status-publish","4":"has-post-thumbnail","6":"product_cat-accesorios","7":"product_cat-hogar","8":"product_tag-aire","9":"product_tag-aislar","10":"product_tag-burlete","11":"product_tag-insectos","12":"product_tag-mantener-fresco","13":"product_tag-sello-de-puerta","15":"first","16":"instock","17":"sale","18":"taxable","19":"shipping-taxable","20":"purchasable","21":"product-type-simple"},"jetpack_sharing_enabled":true,"_links":{"self":[{"href":"https:\/\/www.regalosparatuhogar.com\/index.php?rest_route=\/wp\/v2\/product\/2495","targetHints":{"allow":["GET"]}}],"collection":[{"href":"https:\/\/www.regalosparatuhogar.com\/index.php?rest_route=\/wp\/v2\/product"}],"about":[{"href":"https:\/\/www.regalosparatuhogar.com\/index.php?rest_route=\/wp\/v2\/types\/product"}],"replies":[{"embeddable":true,"href":"https:\/\/www.regalosparatuhogar.com\/index.php?rest_route=%2Fwp%2Fv2%2Fcomments&post=2495"}],"wp:featuredmedia":[{"embeddable":true,"href":"https:\/\/www.regalosparatuhogar.com\/index.php?rest_route=\/wp\/v2\/media\/886"}],"wp:attachment":[{"href":"https:\/\/www.regalosparatuhogar.com\/index.php?rest_route=%2Fwp%2Fv2%2Fmedia&parent=2495"}],"wp:term":[{"taxonomy":"product_brand","embeddable":true,"href":"https:\/\/www.regalosparatuhogar.com\/index.php?rest_route=%2Fwp%2Fv2%2Fproduct_brand&post=2495"},{"taxonomy":"product_cat","embeddable":true,"href":"https:\/\/www.regalosparatuhogar.com\/index.php?rest_route=%2Fwp%2Fv2%2Fproduct_cat&post=2495"},{"taxonomy":"product_tag","embeddable":true,"href":"https:\/\/www.regalosparatuhogar.com\/index.php?rest_route=%2Fwp%2Fv2%2Fproduct_tag&post=2495"}],"curies":[{"name":"wp","href":"https:\/\/api.w.org\/{rel}","templated":true}]}}