{"id":2517,"date":"2024-11-05T14:57:14","date_gmt":"2024-11-05T18:57:14","guid":{"rendered":"https:\/\/www.regalosparatuhogar.com\/?post_type=product&#038;p=2517"},"modified":"2025-08-24T14:20:35","modified_gmt":"2025-08-24T18:20:35","slug":"bomba-de-agua-para-botellon-de-20-litros","status":"publish","type":"product","link":"https:\/\/www.regalosparatuhogar.com\/?product=bomba-de-agua-para-botellon-de-20-litros","title":{"rendered":"Bomba de agua para Botell\u00f3n de 20 litros"},"content":{"rendered":"<div class=\"kvgmc6g5 cxmmr5t8 oygrvhab hcukyx3x c1et5uql ii04i59q\">\n<div dir=\"auto\"><\/div>\n<div dir=\"auto\">65 mil guaran\u00edes<\/div>\n<\/div>\n<div class=\"cxmmr5t8 oygrvhab hcukyx3x c1et5uql o9v6fnle ii04i59q\">\n<div dir=\"auto\">\n<p>Informes y pedidos en whatsapp: <a class=\"oajrlxb2 g5ia77u1 qu0x051f esr5mh6w e9989ue4 r7d6kgcz rq0escxv nhd2j8a9 nc684nl6 p7hjln8o kvgmc6g5 cxmmr5t8 oygrvhab hcukyx3x jb3vyjys rz4wbd8a qt6c0cv9 a8nywdso i1ao9s8h esuyzwwr f1sip0of lzcic4wl gpro0wi8 py34i1dx\" tabindex=\"0\" role=\"link\" href=\"https:\/\/wa.me\/595982228294?fbclid=IwAR0ijlmplkN6PH8rfHHNXqlDf4EC5pI-H6F2-ZPpj-5i0aVTYtL_e7oMBn4\" target=\"_blank\" rel=\"nofollow noopener\">https:\/\/wa.me\/595982228294<\/a><\/p>\n<\/div>\n<\/div>\n<div class=\"cxmmr5t8 oygrvhab hcukyx3x c1et5uql o9v6fnle ii04i59q\">\n<div dir=\"auto\">Bomba con bater\u00eda recargable de 1200 MAh, da una duraci\u00f3n de hasta 10 botellones. Se recarga completamente en 2 horas.<\/div>\n<div dir=\"auto\">\n<p>Alta potencia, llena un vaso en segundos.<\/p>\n<\/div>\n<\/div>\n<div class=\"cxmmr5t8 oygrvhab hcukyx3x c1et5uql o9v6fnle ii04i59q\">\n<div dir=\"auto\">Evita el riesgo de volcar el botell\u00f3n para servir o para poner en un dispensador.<\/div>\n<\/div>\n<div class=\"cxmmr5t8 oygrvhab hcukyx3x c1et5uql o9v6fnle ii04i59q\">\n<div dir=\"auto\">Util en la casa, el campamento, etc.<\/div>\n<\/div>\n","protected":false},"excerpt":{"rendered":"<p>Poderosa bomba de agua para instalar sin mayor complicaci\u00f3n en cualquier bid\u00f3n, especialmente dise\u00f1ada para los botellones de 20 litros, es \u00fatil tambi\u00e9n en otros contenedores.<\/p>\n<p>&nbsp;<\/p>\n","protected":false},"featured_media":1059,"comment_status":"open","ping_status":"closed","template":"","meta":[],"product_brand":[],"product_cat":[28,19],"product_tag":[515,516,517],"class_list":{"0":"post-2517","1":"product","2":"type-product","3":"status-publish","4":"has-post-thumbnail","6":"product_cat-cocina","7":"product_cat-hogar","8":"product_tag-agua","9":"product_tag-bomba-de-agua","10":"product_tag-botellon","12":"first","13":"instock","14":"taxable","15":"shipping-taxable","16":"purchasable","17":"product-type-simple"},"jetpack_sharing_enabled":true,"_links":{"self":[{"href":"https:\/\/www.regalosparatuhogar.com\/index.php?rest_route=\/wp\/v2\/product\/2517","targetHints":{"allow":["GET"]}}],"collection":[{"href":"https:\/\/www.regalosparatuhogar.com\/index.php?rest_route=\/wp\/v2\/product"}],"about":[{"href":"https:\/\/www.regalosparatuhogar.com\/index.php?rest_route=\/wp\/v2\/types\/product"}],"replies":[{"embeddable":true,"href":"https:\/\/www.regalosparatuhogar.com\/index.php?rest_route=%2Fwp%2Fv2%2Fcomments&post=2517"}],"wp:featuredmedia":[{"embeddable":true,"href":"https:\/\/www.regalosparatuhogar.com\/index.php?rest_route=\/wp\/v2\/media\/1059"}],"wp:attachment":[{"href":"https:\/\/www.regalosparatuhogar.com\/index.php?rest_route=%2Fwp%2Fv2%2Fmedia&parent=2517"}],"wp:term":[{"taxonomy":"product_brand","embeddable":true,"href":"https:\/\/www.regalosparatuhogar.com\/index.php?rest_route=%2Fwp%2Fv2%2Fproduct_brand&post=2517"},{"taxonomy":"product_cat","embeddable":true,"href":"https:\/\/www.regalosparatuhogar.com\/index.php?rest_route=%2Fwp%2Fv2%2Fproduct_cat&post=2517"},{"taxonomy":"product_tag","embeddable":true,"href":"https:\/\/www.regalosparatuhogar.com\/index.php?rest_route=%2Fwp%2Fv2%2Fproduct_tag&post=2517"}],"curies":[{"name":"wp","href":"https:\/\/api.w.org\/{rel}","templated":true}]}}