{"id":2546,"date":"2024-11-05T14:58:07","date_gmt":"2024-11-05T18:58:07","guid":{"rendered":"https:\/\/www.regalosparatuhogar.com\/?post_type=product&#038;p=2546"},"modified":"2025-05-29T18:53:38","modified_gmt":"2025-05-29T22:53:38","slug":"batidora-y-espumador-de-2-cabezas-recargable-usb","status":"publish","type":"product","link":"https:\/\/www.regalosparatuhogar.com\/?product=batidora-y-espumador-de-2-cabezas-recargable-usb","title":{"rendered":"Batidora y Espumador de 2 cabezas, recargable USB"},"content":{"rendered":"<p>Batidora y Espumador de leche con velocidad ajustable USB es un dispositivo port\u00e1til dise\u00f1ado para espumar leche, crema u otros l\u00edquidos para usar en caf\u00e9, t\u00e9 u otras bebidas. Est\u00e1 equipado con una funci\u00f3n de velocidad ajustable, que le permite personalizar la velocidad de espuma seg\u00fan sus preferencias.<\/p>\n<p>Este espumador de leche se alimenta mediante un cable USB, lo que facilita su uso dondequiera que vaya. Cuenta con un batidor de acero inoxidable duradero y un mango de agarre c\u00f3modo para una f\u00e1cil operaci\u00f3n. El vaporizador tambi\u00e9n es f\u00e1cil de limpiar, ya que el batidor se puede quitar y limpiar f\u00e1cilmente con agua y jab\u00f3n.<\/p>\n<p>Ya seas barista o amante del caf\u00e9, el espumador de leche con velocidad ajustable USB es una excelente herramienta para tener en tu cocina. Puede ayudarle a crear leche perfectamente espumosa para sus bebidas favoritas en cuesti\u00f3n de segundos.<\/p>\n<p>Sirve tambi\u00e9n como batidora. Y con su funcionalidad de cabeza intercambiable puedes hacer que este aparato se adapte a tu imaginaci\u00f3n.<\/p>\n<p>Cantidad limitada.<\/p>\n","protected":false},"excerpt":{"rendered":"<p><strong>Batidora y Espumador<\/p>\n<p>Dise\u00f1o recargable por USB:<\/strong> este espumador de leche tiene una bater\u00eda recargable incorporada, que se puede recargar y reutilizar, sin necesidad de gastar dinero para comprar m\u00e1s bater\u00edas desechables. Esta m\u00e1quina de espuma tiene un <em>puerto de carga Micro USB<\/em>, puedes cargarla con un cargador USB, un banco de energ\u00eda o una computadora en cualquier momento.<\/p>\n<p><strong>2 tipos de batidores:<\/strong> el espumador est\u00e1 equipado con 2 cabezales de batidor de acero inoxidable diferentes. Se pueden usar como generadores de espuma para hacer una rica capa de espuma, como caf\u00e9, caf\u00e9 con leche y capuchino a prueba de balas, y tambi\u00e9n se pueden usar como batidores de huevos para batir los huevos hasta obtener una capa gruesa para hacer pasteles.<\/p>\n<p><strong>3 velocidades ajustables para un sabor suave:<\/strong> el espumador de leche tiene un potente motor, 3 velocidades a 6000\/10000\/13000 RPM, puede elegir diferentes velocidades seg\u00fan las diferentes necesidades. En nuestro \u00faltimo modelo, todas las velocidades se pueden desactivar directamente, sin necesidad de cambiar de baja velocidad a alta velocidad y luego apagarla.<\/p>\n","protected":false},"featured_media":1311,"comment_status":"open","ping_status":"closed","template":"","meta":[],"product_brand":[],"product_cat":[28,116,153],"product_tag":[178,589,252,590,375],"class_list":{"0":"post-2546","1":"product","2":"type-product","3":"status-publish","4":"has-post-thumbnail","6":"product_cat-cocina","7":"product_cat-home-office-y-clases-virtuales","8":"product_cat-juguetes-y-regalos-para-todas-las-edades","9":"product_tag-cafe","10":"product_tag-cafe-colombiano","11":"product_tag-capuccino","12":"product_tag-espuma-de-cafe","13":"product_tag-espumador","15":"first","16":"instock","17":"taxable","18":"shipping-taxable","19":"purchasable","20":"product-type-simple"},"jetpack_sharing_enabled":true,"_links":{"self":[{"href":"https:\/\/www.regalosparatuhogar.com\/index.php?rest_route=\/wp\/v2\/product\/2546","targetHints":{"allow":["GET"]}}],"collection":[{"href":"https:\/\/www.regalosparatuhogar.com\/index.php?rest_route=\/wp\/v2\/product"}],"about":[{"href":"https:\/\/www.regalosparatuhogar.com\/index.php?rest_route=\/wp\/v2\/types\/product"}],"replies":[{"embeddable":true,"href":"https:\/\/www.regalosparatuhogar.com\/index.php?rest_route=%2Fwp%2Fv2%2Fcomments&post=2546"}],"wp:featuredmedia":[{"embeddable":true,"href":"https:\/\/www.regalosparatuhogar.com\/index.php?rest_route=\/wp\/v2\/media\/1311"}],"wp:attachment":[{"href":"https:\/\/www.regalosparatuhogar.com\/index.php?rest_route=%2Fwp%2Fv2%2Fmedia&parent=2546"}],"wp:term":[{"taxonomy":"product_brand","embeddable":true,"href":"https:\/\/www.regalosparatuhogar.com\/index.php?rest_route=%2Fwp%2Fv2%2Fproduct_brand&post=2546"},{"taxonomy":"product_cat","embeddable":true,"href":"https:\/\/www.regalosparatuhogar.com\/index.php?rest_route=%2Fwp%2Fv2%2Fproduct_cat&post=2546"},{"taxonomy":"product_tag","embeddable":true,"href":"https:\/\/www.regalosparatuhogar.com\/index.php?rest_route=%2Fwp%2Fv2%2Fproduct_tag&post=2546"}],"curies":[{"name":"wp","href":"https:\/\/api.w.org\/{rel}","templated":true}]}}