{"id":2552,"date":"2024-11-05T14:58:08","date_gmt":"2024-11-05T18:58:08","guid":{"rendered":"https:\/\/www.regalosparatuhogar.com\/?post_type=product&#038;p=2552"},"modified":"2025-05-29T18:52:21","modified_gmt":"2025-05-29T22:52:21","slug":"estante-metalico-multiuso-con-fijacion-magnetica-o-mecanica","status":"publish","type":"product","link":"https:\/\/www.regalosparatuhogar.com\/?product=estante-metalico-multiuso-con-fijacion-magnetica-o-mecanica","title":{"rendered":"Estante Met\u00e1lico Multiuso con Fijaci\u00f3n Magn\u00e9tica o Mec\u00e1nica"},"content":{"rendered":"<p>Estante Met\u00e1lico Multiuso organizador para Cocina, lavadero, ba\u00f1o, taller etc.<\/p>\n<p>Se fija a trav\u00e9s de imanes, cinta, o tarugo y tornillo, seg\u00fan la ubicaci\u00f3n y necesidad.<\/p>\n<p>dos ejes de madera para poner papeles en rollo como el film, aluminio o incluso papel higi\u00e9nico<\/p>\n<p>colgador para toallas<\/p>\n<p>Estante para shampoo, o especias<\/p>\n<p>La imaginaci\u00f3n es el l\u00edmite. \u00a0Estante c\u00f3modo, pr\u00e1ctico y super util en el hogar.<\/p>\n<p>&nbsp;<\/p>\n<p>&nbsp;<\/p>\n<p><strong id=\"tl_1\" data-spm-anchor-id=\"a2g0o.detail.1000023.i0.3228tC8vtC8vvB\">Nombre del art\u00edculo: estante de almacenamiento para refrigerador<\/strong><\/p>\n<p><strong id=\"tl_2\">Material : Metal<\/strong><\/p>\n<p><strong id=\"tl_3\">Color: negro, blanco<\/strong><\/p>\n<p><strong id=\"tl_4\" data-spm-anchor-id=\"a2g0o.detail.1000023.i1.3228tC8vtC8vvB\">Tama\u00f1o: aproximadamente 27,5&#215;7,5x34cm<\/strong><\/p>\n<p><strong id=\"tl_5\">Peso unitario: aproximadamente 895 g\/pc<\/strong><\/p>\n","protected":false},"excerpt":{"rendered":"<p>Estante Met\u00e1lico Multiuso De lindo aspecto y calidad para fijar al lado de la nevera, cocina, lavadora o pared met\u00e1lica.<\/p>\n<p>Tambi\u00e9n se puede fijar a otras superficies mediante tarugos o cintas doble faz.<\/p>\n<p>Disponible en color negro y madera al natural, se puede pintar con cualquier barniz o esmalte para metales para personalizar el color que m\u00e1s le guste.<\/p>\n","protected":false},"featured_media":1377,"comment_status":"open","ping_status":"closed","template":"","meta":[],"product_brand":[],"product_cat":[20,64,116,72,153],"product_tag":[31,602,603,267,309],"class_list":{"0":"post-2552","1":"product","2":"type-product","3":"status-publish","4":"has-post-thumbnail","6":"product_cat-accesorios","7":"product_cat-confort","8":"product_cat-home-office-y-clases-virtuales","9":"product_cat-organizadores","10":"product_cat-juguetes-y-regalos-para-todas-las-edades","11":"product_tag-cocina","12":"product_tag-estante-magnetico","13":"product_tag-estante-metalico","14":"product_tag-lavadora","15":"product_tag-refrigerador","17":"first","18":"instock","19":"taxable","20":"shipping-taxable","21":"purchasable","22":"product-type-simple"},"jetpack_sharing_enabled":true,"_links":{"self":[{"href":"https:\/\/www.regalosparatuhogar.com\/index.php?rest_route=\/wp\/v2\/product\/2552","targetHints":{"allow":["GET"]}}],"collection":[{"href":"https:\/\/www.regalosparatuhogar.com\/index.php?rest_route=\/wp\/v2\/product"}],"about":[{"href":"https:\/\/www.regalosparatuhogar.com\/index.php?rest_route=\/wp\/v2\/types\/product"}],"replies":[{"embeddable":true,"href":"https:\/\/www.regalosparatuhogar.com\/index.php?rest_route=%2Fwp%2Fv2%2Fcomments&post=2552"}],"wp:featuredmedia":[{"embeddable":true,"href":"https:\/\/www.regalosparatuhogar.com\/index.php?rest_route=\/wp\/v2\/media\/1377"}],"wp:attachment":[{"href":"https:\/\/www.regalosparatuhogar.com\/index.php?rest_route=%2Fwp%2Fv2%2Fmedia&parent=2552"}],"wp:term":[{"taxonomy":"product_brand","embeddable":true,"href":"https:\/\/www.regalosparatuhogar.com\/index.php?rest_route=%2Fwp%2Fv2%2Fproduct_brand&post=2552"},{"taxonomy":"product_cat","embeddable":true,"href":"https:\/\/www.regalosparatuhogar.com\/index.php?rest_route=%2Fwp%2Fv2%2Fproduct_cat&post=2552"},{"taxonomy":"product_tag","embeddable":true,"href":"https:\/\/www.regalosparatuhogar.com\/index.php?rest_route=%2Fwp%2Fv2%2Fproduct_tag&post=2552"}],"curies":[{"name":"wp","href":"https:\/\/api.w.org\/{rel}","templated":true}]}}