{"id":2579,"date":"2024-11-05T14:58:59","date_gmt":"2024-11-05T18:58:59","guid":{"rendered":"https:\/\/www.regalosparatuhogar.com\/?post_type=product&#038;p=2579"},"modified":"2025-05-29T10:16:45","modified_gmt":"2025-05-29T14:16:45","slug":"rallador-multiple-para-ensaladas","status":"publish","type":"product","link":"https:\/\/www.regalosparatuhogar.com\/?product=rallador-multiple-para-ensaladas","title":{"rendered":"Rallador M\u00faltiple para Ensaladas"},"content":{"rendered":"<p>El Rallador M\u00faltiple para Ensaladas tiene un Pr\u00e1ctico alojamiento para las cuchillas en la tapa, para as\u00ed evitar que se pierdan:<\/p>\n<p><img loading=\"lazy\" decoding=\"async\" class=\"alignnone wp-image-3390\" src=\"https:\/\/www.regalosparatuhogar.com\/wp-content\/uploads\/2024\/09\/Sin-titulo-11-1024x763.jpg\" alt=\"\" width=\"411\" height=\"307\" \/>\u00a0<img loading=\"lazy\" decoding=\"async\" class=\"alignnone wp-image-3389\" src=\"https:\/\/www.regalosparatuhogar.com\/wp-content\/uploads\/2024\/09\/Sin-titulo-10.jpg\" alt=\"\" width=\"312\" height=\"305\" \/><\/p>\n<p>cortadores con cuchillas de Acero.<\/p>\n<p>Capacidad de 1.8 litros.<\/p>\n<p>19 cm. de di\u00e1metro. 7 de profundiad.<\/p>\n<p>Medidaas de la Caja: 20cm. x 20 cm. x 8 cm.<\/p>\n","protected":false},"excerpt":{"rendered":"<p><strong>Rallador M\u00faltiple para Ensaladas<\/strong><\/p>\n<p>Esta pr\u00e1ctica f\u00e1brica de Ensaladas te har\u00e1 la vida mucho m\u00e1s pr\u00e1ctica a la hora de almorzar o cenar. \u00a0Con cuatro diferentes ralladores, un pelador y un sujetador para mandolina, puedes crear todo lo que tu quieras, y decorar. \u00a0Incluye adem\u00e1s un separador de yemas.<\/p>\n<div>Material pl\u00e1stico de grado alimentario, libre de BPA. \u00a0Soporta microondas y congelador. \u00a0Enviamos a todo el Paraguay<\/div>\n","protected":false},"featured_media":1536,"comment_status":"open","ping_status":"closed","template":"","meta":[],"product_brand":[],"product_cat":[28,659,153,49],"product_tag":[325,513,432,34,137],"class_list":{"0":"post-2579","1":"product","2":"type-product","3":"status-publish","4":"has-post-thumbnail","6":"product_cat-cocina","7":"product_cat-ensaladas","8":"product_cat-juguetes-y-regalos-para-todas-las-edades","9":"product_cat-salud-y-belleza","10":"product_tag-cortador-de-verduras","11":"product_tag-ensaladas","12":"product_tag-veganos","13":"product_tag-vegetales","14":"product_tag-verduras","16":"first","17":"instock","18":"taxable","19":"shipping-taxable","20":"purchasable","21":"product-type-simple"},"jetpack_sharing_enabled":true,"_links":{"self":[{"href":"https:\/\/www.regalosparatuhogar.com\/index.php?rest_route=\/wp\/v2\/product\/2579","targetHints":{"allow":["GET"]}}],"collection":[{"href":"https:\/\/www.regalosparatuhogar.com\/index.php?rest_route=\/wp\/v2\/product"}],"about":[{"href":"https:\/\/www.regalosparatuhogar.com\/index.php?rest_route=\/wp\/v2\/types\/product"}],"replies":[{"embeddable":true,"href":"https:\/\/www.regalosparatuhogar.com\/index.php?rest_route=%2Fwp%2Fv2%2Fcomments&post=2579"}],"wp:featuredmedia":[{"embeddable":true,"href":"https:\/\/www.regalosparatuhogar.com\/index.php?rest_route=\/wp\/v2\/media\/1536"}],"wp:attachment":[{"href":"https:\/\/www.regalosparatuhogar.com\/index.php?rest_route=%2Fwp%2Fv2%2Fmedia&parent=2579"}],"wp:term":[{"taxonomy":"product_brand","embeddable":true,"href":"https:\/\/www.regalosparatuhogar.com\/index.php?rest_route=%2Fwp%2Fv2%2Fproduct_brand&post=2579"},{"taxonomy":"product_cat","embeddable":true,"href":"https:\/\/www.regalosparatuhogar.com\/index.php?rest_route=%2Fwp%2Fv2%2Fproduct_cat&post=2579"},{"taxonomy":"product_tag","embeddable":true,"href":"https:\/\/www.regalosparatuhogar.com\/index.php?rest_route=%2Fwp%2Fv2%2Fproduct_tag&post=2579"}],"curies":[{"name":"wp","href":"https:\/\/api.w.org\/{rel}","templated":true}]}}