{"id":2583,"date":"2024-11-05T14:58:59","date_gmt":"2024-11-05T18:58:59","guid":{"rendered":"https:\/\/www.regalosparatuhogar.com\/?post_type=product&#038;p=2583"},"modified":"2025-05-29T10:18:36","modified_gmt":"2025-05-29T14:18:36","slug":"cobee-c1-smart-watch","status":"publish","type":"product","link":"https:\/\/www.regalosparatuhogar.com\/?product=cobee-c1-smart-watch","title":{"rendered":"Cobee C1 Smart Watch"},"content":{"rendered":"<div class=\"elementor-element elementor-element-cb4655c elementor-widget elementor-widget-html\" data-id=\"cb4655c\" data-element_type=\"widget\" data-widget_type=\"html.default\">\n<div class=\"elementor-widget-container\">\n<div class=\"divpart\">\n<div class=\"flex-shrink-0 flex flex-col relative items-end\">\n<div>\n<div class=\"pt-0\">\n<div class=\"gizmo-bot-avatar flex h-8 w-8 items-center justify-center overflow-hidden rounded-full\">\n<div class=\"relative p-1 rounded-sm flex items-center justify-center bg-token-main-surface-primary text-token-text-primary h-8 w-8\"><\/div>\n<\/div>\n<\/div>\n<\/div>\n<\/div>\n<div class=\"group\/conversation-turn relative flex w-full min-w-0 flex-col agent-turn\">\n<div class=\"flex-col gap-1 md:gap-3\">\n<div class=\"flex max-w-full flex-col flex-grow\">\n<div class=\"min-h-8 text-message flex w-full flex-col items-end gap-2 whitespace-normal break-words [.text-message+&amp;]:mt-5\" dir=\"auto\" data-message-author-role=\"assistant\" data-message-id=\"6448f57b-51c2-4c92-b319-dad61f2ee9da\">\n<div class=\"flex w-full flex-col gap-1 empty:hidden first:pt-[3px]\">\n<div class=\"markdown prose w-full break-words dark:prose-invert light\">\n<h3>Descripci\u00f3n del Cobee C1 Smart Watch\u00a0de <strong>Xinji<\/strong>:<\/h3>\n<p>El <strong>COBEE C1<\/strong> es un smartwatch vers\u00e1til y elegante dise\u00f1ado para ofrecerte una experiencia completa en cuanto a conectividad, monitoreo de salud y estilo de vida activo. Presenta un dise\u00f1o moderno y ligero, lo que lo hace ideal para el uso diario. Este reloj inteligente ofrece funciones avanzadas de seguimiento de salud y actividad f\u00edsica, permiti\u00e9ndote monitorear par\u00e1metros clave como el ritmo card\u00edaco, los pasos y el sue\u00f1o, adem\u00e1s de ofrecer notificaciones inteligentes que te mantienen siempre conectado. Perfecto para quienes buscan un dispositivo funcional, accesible y con un dise\u00f1o atractivo.<\/p>\n<h3>Caracter\u00edsticas t\u00e9cnicas del Cobee C1 Smart Watch:<\/h3>\n<ul>\n<li><strong>Pantalla<\/strong>: Pantalla t\u00e1ctil TFT de 1.32 pulgadas, con resoluci\u00f3n de 360 x 360 p\u00edxeles para una visualizaci\u00f3n clara y n\u00edtida.<\/li>\n<li><strong>Material<\/strong>:\n<ul>\n<li>Cuerpo de aleaci\u00f3n de zinc, resistente y duradero.<\/li>\n<li>Correa de silicona intercambiable, c\u00f3moda y apta para deportes.<\/li>\n<\/ul>\n<\/li>\n<li><strong>Sensores<\/strong>:\n<ul>\n<li>Sensor de ritmo card\u00edaco.<\/li>\n<li>Aceler\u00f3metro.<\/li>\n<li>Sensor de ox\u00edgeno en sangre (SpO2).<\/li>\n<li>Sensor de presi\u00f3n arterial.<\/li>\n<\/ul>\n<\/li>\n<li><strong>Conectividad<\/strong>:\n<ul>\n<li>Bluetooth 5.0 para conexi\u00f3n r\u00e1pida y estable con dispositivos iOS y Android.<\/li>\n<li>Sincronizaci\u00f3n con una app m\u00f3vil para personalizar configuraciones y realizar el monitoreo de datos de salud.<\/li>\n<\/ul>\n<\/li>\n<li><strong>Modos Deportivos<\/strong>: Hasta 8 modos deportivos, incluyendo correr, caminar, ciclismo, yoga y otros.<\/li>\n<li><strong>Resistencia al agua<\/strong>: Certificaci\u00f3n IP67, lo que lo hace resistente al polvo y a las salpicaduras, aunque no es adecuado para inmersi\u00f3n en agua.<\/li>\n<li><strong>Bater\u00eda<\/strong>:\n<ul>\n<li>Capacidad de 270 mAh.<\/li>\n<li>Autonom\u00eda de hasta 5 d\u00edas en uso normal y hasta 15 d\u00edas en modo de espera.<\/li>\n<li>Tiempo de carga: 2 horas, con sistema de carga magn\u00e9tica.<\/li>\n<\/ul>\n<\/li>\n<li><strong>Funciones adicionales<\/strong>:\n<ul>\n<li>Monitorizaci\u00f3n del sue\u00f1o.<\/li>\n<li>Medici\u00f3n del nivel de ox\u00edgeno en sangre (SpO2).<\/li>\n<li>Notificaciones de llamadas, mensajes y aplicaciones (WhatsApp, Facebook, etc.).<\/li>\n<li>Recordatorio de sedentarismo.<\/li>\n<li>Control de m\u00fasica y c\u00e1mara del smartphone.<\/li>\n<li>Cron\u00f3metro, temporizador y reloj despertador.<\/li>\n<\/ul>\n<\/li>\n<li><strong>Dimensiones<\/strong>: 44 x 44 x 10.3 mm.<\/li>\n<li><strong>Peso<\/strong>: 45 gramos (sin la correa).<\/li>\n<\/ul>\n<\/div>\n<\/div>\n<\/div>\n<\/div>\n<\/div>\n<\/div>\n<\/div>\n<\/div>\n<\/div>\n","protected":false},"excerpt":{"rendered":"<div class=\"elementor-element elementor-element-ff9a54e elementor-widget elementor-widget-woocommerce-product-title elementor-page-title elementor-widget-heading\" data-id=\"ff9a54e\" data-element_type=\"widget\" data-widget_type=\"woocommerce-product-title.default\">\n<div class=\"elementor-widget-container\">Cobee C1 Smart Watch<\/div>\n<\/div>\n<div class=\"elementor-element elementor-element-bf62b70 elementor-widget elementor-widget-woocommerce-product-short-description\" data-id=\"bf62b70\" data-element_type=\"widget\" data-widget_type=\"woocommerce-product-short-description.default\">\n<div class=\"elementor-widget-container\">\n<div class=\"woocommerce-product-details__short-description\">\n<ul>\n<li><strong>Experiencia visual mejorada en pantalla m\u00e1s grande<\/strong><\/li>\n<li><strong>Vigile su salud<\/strong><\/li>\n<li><strong>Resistente al agua hasta 5 ATM para tu aventura<\/strong><\/li>\n<li><strong>Insp\u00edrate a seguir adelante<\/strong><\/li>\n<li><strong>Mant\u00e9ngase conectado en cualquier lugar y en cualquier momento<\/strong><\/li>\n<\/ul>\n<\/div>\n<\/div>\n<\/div>\n","protected":false},"featured_media":1556,"comment_status":"open","ping_status":"closed","template":"","meta":[],"product_brand":[],"product_cat":[673,118,672,674],"product_tag":[675,677,678,679,680,681,682,687,683,684,685],"class_list":{"0":"post-2583","1":"product","2":"type-product","3":"status-publish","4":"has-post-thumbnail","6":"product_cat-audifonos","7":"product_cat-electronica","8":"product_cat-mundo-smart","9":"product_cat-xinji","10":"product_tag-actividad-fisica","11":"product_tag-conectividad-bluetooth","12":"product_tag-control-de-ritmo-cardiaco","13":"product_tag-diseno-elegante","14":"product_tag-modos-deportivos","15":"product_tag-monitoreo-de-salud","16":"product_tag-notificaciones-en-tiempo-real","17":"product_tag-reloj","18":"product_tag-reloj-inteligente","19":"product_tag-resistente-al-agua","20":"product_tag-smartwatch","22":"first","23":"instock","24":"taxable","25":"shipping-taxable","26":"purchasable","27":"product-type-simple"},"jetpack_sharing_enabled":true,"_links":{"self":[{"href":"https:\/\/www.regalosparatuhogar.com\/index.php?rest_route=\/wp\/v2\/product\/2583","targetHints":{"allow":["GET"]}}],"collection":[{"href":"https:\/\/www.regalosparatuhogar.com\/index.php?rest_route=\/wp\/v2\/product"}],"about":[{"href":"https:\/\/www.regalosparatuhogar.com\/index.php?rest_route=\/wp\/v2\/types\/product"}],"replies":[{"embeddable":true,"href":"https:\/\/www.regalosparatuhogar.com\/index.php?rest_route=%2Fwp%2Fv2%2Fcomments&post=2583"}],"wp:featuredmedia":[{"embeddable":true,"href":"https:\/\/www.regalosparatuhogar.com\/index.php?rest_route=\/wp\/v2\/media\/1556"}],"wp:attachment":[{"href":"https:\/\/www.regalosparatuhogar.com\/index.php?rest_route=%2Fwp%2Fv2%2Fmedia&parent=2583"}],"wp:term":[{"taxonomy":"product_brand","embeddable":true,"href":"https:\/\/www.regalosparatuhogar.com\/index.php?rest_route=%2Fwp%2Fv2%2Fproduct_brand&post=2583"},{"taxonomy":"product_cat","embeddable":true,"href":"https:\/\/www.regalosparatuhogar.com\/index.php?rest_route=%2Fwp%2Fv2%2Fproduct_cat&post=2583"},{"taxonomy":"product_tag","embeddable":true,"href":"https:\/\/www.regalosparatuhogar.com\/index.php?rest_route=%2Fwp%2Fv2%2Fproduct_tag&post=2583"}],"curies":[{"name":"wp","href":"https:\/\/api.w.org\/{rel}","templated":true}]}}