{"id":2591,"date":"2024-11-05T14:59:01","date_gmt":"2024-11-05T18:59:01","guid":{"rendered":"https:\/\/www.regalosparatuhogar.com\/?post_type=product&#038;p=2591"},"modified":"2025-05-28T21:07:10","modified_gmt":"2025-05-29T01:07:10","slug":"escurridor-de-platos-en-plastico-super-resistente","status":"publish","type":"product","link":"https:\/\/www.regalosparatuhogar.com\/?product=escurridor-de-platos-en-plastico-super-resistente","title":{"rendered":"Escurridor de Platos en Pl\u00e1stico super resistente"},"content":{"rendered":"<p>Este escurridor de platos en pl\u00e1stico duradero, est\u00e1 dise\u00f1ado para optimizar el espacio y facilitar el secado de una vajilla completa para hasta 6 personas. Cuenta con una bandeja superior que incluye compartimentos para escurrir vasos y cubiertos, permitiendo un secado r\u00e1pido y ordenado. Adem\u00e1s, incorpora un pr\u00e1ctico canal en la parte inferior que dirige el agua escurrida directamente hacia la pileta, evitando acumulaciones de agua en la encimera. Su dise\u00f1o ligero y funcional lo convierte en una soluci\u00f3n ideal para cocinas de cualquier tama\u00f1o.<\/p>\n<p>&nbsp;<\/p>\n<p>Sus medidas:<\/p>\n<p><img loading=\"lazy\" decoding=\"async\" class=\"alignnone wp-image-1707\" src=\"https:\/\/www.regalosparatuhogar.com\/wp-content\/uploads\/2024\/10\/Escurridor-Plastico-8pink.jpg\" alt=\"\" width=\"350\" height=\"350\" srcset=\"https:\/\/www.regalosparatuhogar.com\/wp-content\/uploads\/2024\/10\/Escurridor-Plastico-8pink.jpg 800w, https:\/\/www.regalosparatuhogar.com\/wp-content\/uploads\/2024\/10\/Escurridor-Plastico-8pink-300x300.jpg 300w, https:\/\/www.regalosparatuhogar.com\/wp-content\/uploads\/2024\/10\/Escurridor-Plastico-8pink-100x100.jpg 100w, https:\/\/www.regalosparatuhogar.com\/wp-content\/uploads\/2024\/10\/Escurridor-Plastico-8pink-600x600.jpg 600w, https:\/\/www.regalosparatuhogar.com\/wp-content\/uploads\/2024\/10\/Escurridor-Plastico-8pink-150x150.jpg 150w, https:\/\/www.regalosparatuhogar.com\/wp-content\/uploads\/2024\/10\/Escurridor-Plastico-8pink-768x768.jpg 768w, https:\/\/www.regalosparatuhogar.com\/wp-content\/uploads\/2024\/10\/Escurridor-Plastico-8pink-48x48.jpg 48w\" sizes=\"auto, (max-width: 350px) 100vw, 350px\" \/><\/p>\n","protected":false},"excerpt":{"rendered":"<p>El Escurridor de Platos en Pl\u00e1stico Se puede usar con una o con las dos bandejas.<\/p>\n<p>&nbsp;<\/p>\n","protected":false},"featured_media":1709,"comment_status":"open","ping_status":"closed","template":"","meta":[],"product_brand":[],"product_cat":[28,1566,19],"product_tag":[718,698,719,705,720,712,716,711,717,697,708,714,713,703,715],"class_list":{"0":"post-2591","1":"product","2":"type-product","3":"status-publish","4":"has-post-thumbnail","6":"product_cat-cocina","7":"product_cat-escurridores","8":"product_cat-hogar","9":"product_tag-accesorio-de-cocina-practico","10":"product_tag-capacidad-para-6-personas","11":"product_tag-diseno-moderno-y-funcional","12":"product_tag-escurridor-compacto","13":"product_tag-escurridor-con-bandeja-de-drenaje","14":"product_tag-escurridor-con-bandeja-superior","15":"product_tag-escurridor-con-drenaje-hacia-la-pileta","16":"product_tag-escurridor-de-plastico","17":"product_tag-escurridor-ligero","18":"product_tag-organizador-de-platos","19":"product_tag-organizador-de-vajilla","20":"product_tag-porta-cubiertos-en-bandeja-superior","21":"product_tag-porta-vasos-integrado","22":"product_tag-secado-eficiente-de-vajilla","23":"product_tag-secaplatos-con-canal-de-drenaje","25":"first","26":"instock","27":"taxable","28":"shipping-taxable","29":"purchasable","30":"product-type-simple"},"jetpack_sharing_enabled":true,"_links":{"self":[{"href":"https:\/\/www.regalosparatuhogar.com\/index.php?rest_route=\/wp\/v2\/product\/2591","targetHints":{"allow":["GET"]}}],"collection":[{"href":"https:\/\/www.regalosparatuhogar.com\/index.php?rest_route=\/wp\/v2\/product"}],"about":[{"href":"https:\/\/www.regalosparatuhogar.com\/index.php?rest_route=\/wp\/v2\/types\/product"}],"replies":[{"embeddable":true,"href":"https:\/\/www.regalosparatuhogar.com\/index.php?rest_route=%2Fwp%2Fv2%2Fcomments&post=2591"}],"wp:featuredmedia":[{"embeddable":true,"href":"https:\/\/www.regalosparatuhogar.com\/index.php?rest_route=\/wp\/v2\/media\/1709"}],"wp:attachment":[{"href":"https:\/\/www.regalosparatuhogar.com\/index.php?rest_route=%2Fwp%2Fv2%2Fmedia&parent=2591"}],"wp:term":[{"taxonomy":"product_brand","embeddable":true,"href":"https:\/\/www.regalosparatuhogar.com\/index.php?rest_route=%2Fwp%2Fv2%2Fproduct_brand&post=2591"},{"taxonomy":"product_cat","embeddable":true,"href":"https:\/\/www.regalosparatuhogar.com\/index.php?rest_route=%2Fwp%2Fv2%2Fproduct_cat&post=2591"},{"taxonomy":"product_tag","embeddable":true,"href":"https:\/\/www.regalosparatuhogar.com\/index.php?rest_route=%2Fwp%2Fv2%2Fproduct_tag&post=2591"}],"curies":[{"name":"wp","href":"https:\/\/api.w.org\/{rel}","templated":true}]}}