{"id":2592,"date":"2024-11-05T14:59:01","date_gmt":"2024-11-05T18:59:01","guid":{"rendered":"https:\/\/www.regalosparatuhogar.com\/?post_type=product&#038;p=2592"},"modified":"2025-05-28T21:08:36","modified_gmt":"2025-05-29T01:08:36","slug":"armario-o-recibidor-esquinero-con-2-o-3-niveles-inferiores","status":"publish","type":"product","link":"https:\/\/www.regalosparatuhogar.com\/?product=armario-o-recibidor-esquinero-con-2-o-3-niveles-inferiores","title":{"rendered":"Armario Esquinero o Recibidor con 2 o 3 niveles inferiores"},"content":{"rendered":"<p>Este armario esquinero recibidor est\u00e1 dise\u00f1ado para aprovechar al m\u00e1ximo los espacios peque\u00f1os, encajando muy bien en esquinas y proporcionando una soluci\u00f3n pr\u00e1ctica y estilizada para almacenar prendas y accesorios. Su dise\u00f1o moderno y funcional facilita el ensamblaje, permitiendo que cualquier persona lo arme de manera r\u00e1pida y sencilla sin necesidad de herramientas complejas. Ideal para recibidores, cuenta con ganchos y compartimentos que permiten organizar abrigos, bolsos y calzado, manteniendo el orden y optimizando el espacio. Su estructura compacta lo convierte en una opci\u00f3n vers\u00e1til para cualquier hogar.<\/p>\n","protected":false},"excerpt":{"rendered":"<p>Super Armario esquinero con 2 o 3 niveles a elegir.<\/p>\n","protected":false},"featured_media":1721,"comment_status":"open","ping_status":"closed","template":"","meta":[],"product_brand":[],"product_cat":[64,19],"product_tag":[725,733,721,726,732,724,734,727,722,731,735,730,728,729,723],"class_list":{"0":"post-2592","1":"product","2":"type-product","3":"status-publish","4":"has-post-thumbnail","6":"product_cat-confort","7":"product_cat-hogar","8":"product_tag-almacenamiento-compacto","9":"product_tag-almacenamiento-eficiente","10":"product_tag-armario-esquinero","11":"product_tag-armario-funcional","12":"product_tag-armario-para-entrada","13":"product_tag-armario-para-esquinas","14":"product_tag-armario-para-recibidor","15":"product_tag-diseno-moderno","16":"product_tag-facil-de-armar","17":"product_tag-ideal-para-espacios-pequenos","18":"product_tag-mueble-de-facil-montaje","19":"product_tag-mueble-versatil","20":"product_tag-organizador-de-abrigos","21":"product_tag-organizador-de-bolsos","22":"product_tag-organizador-de-recibidor","24":"first","25":"instock","26":"taxable","27":"shipping-taxable","28":"purchasable","29":"product-type-variable"},"jetpack_sharing_enabled":true,"_links":{"self":[{"href":"https:\/\/www.regalosparatuhogar.com\/index.php?rest_route=\/wp\/v2\/product\/2592","targetHints":{"allow":["GET"]}}],"collection":[{"href":"https:\/\/www.regalosparatuhogar.com\/index.php?rest_route=\/wp\/v2\/product"}],"about":[{"href":"https:\/\/www.regalosparatuhogar.com\/index.php?rest_route=\/wp\/v2\/types\/product"}],"replies":[{"embeddable":true,"href":"https:\/\/www.regalosparatuhogar.com\/index.php?rest_route=%2Fwp%2Fv2%2Fcomments&post=2592"}],"wp:featuredmedia":[{"embeddable":true,"href":"https:\/\/www.regalosparatuhogar.com\/index.php?rest_route=\/wp\/v2\/media\/1721"}],"wp:attachment":[{"href":"https:\/\/www.regalosparatuhogar.com\/index.php?rest_route=%2Fwp%2Fv2%2Fmedia&parent=2592"}],"wp:term":[{"taxonomy":"product_brand","embeddable":true,"href":"https:\/\/www.regalosparatuhogar.com\/index.php?rest_route=%2Fwp%2Fv2%2Fproduct_brand&post=2592"},{"taxonomy":"product_cat","embeddable":true,"href":"https:\/\/www.regalosparatuhogar.com\/index.php?rest_route=%2Fwp%2Fv2%2Fproduct_cat&post=2592"},{"taxonomy":"product_tag","embeddable":true,"href":"https:\/\/www.regalosparatuhogar.com\/index.php?rest_route=%2Fwp%2Fv2%2Fproduct_tag&post=2592"}],"curies":[{"name":"wp","href":"https:\/\/api.w.org\/{rel}","templated":true}]}}