{"id":2595,"date":"2024-11-05T14:59:01","date_gmt":"2024-11-05T18:59:01","guid":{"rendered":"https:\/\/www.regalosparatuhogar.com\/?post_type=product&#038;p=2595"},"modified":"2025-05-28T21:09:22","modified_gmt":"2025-05-29T01:09:22","slug":"termometro-para-nevera","status":"publish","type":"product","link":"https:\/\/www.regalosparatuhogar.com\/?product=termometro-para-nevera","title":{"rendered":"Term\u00f3metro para Nevera"},"content":{"rendered":"<p>Term\u00f3metro para Nevera<\/p>\n<p>Caracter\u00edsticas:<\/p>\n<p>1. Indicadores de zona de temperatura segura.<\/p>\n<p>2. Se cuelga o se fija con clips.<\/p>\n<p>3. Las lecturas de temperatura anal\u00f3gicas hacen que las lecturas sean simples y f\u00e1ciles de leer.<\/p>\n<p>4. Col\u00f3calo en tu refrigerador o congelador y deja que haga todo el trabajo.<\/p>\n<p>Presupuesto:<\/p>\n<p>Tama\u00f1o:<\/p>\n<p>B: aproximadamente 13,3&#215;3,3&#215;2,5 cm<\/p>\n<p>Rango de temperatura: -40 \u00b0C ~ 20 \u00b0C \/ -40 \u00b0F ~ 80 \u00b0F<\/p>\n<p>\u00c1mbito de aplicaci\u00f3n: Mida la temperatura de refrigeraci\u00f3n\/congelaci\u00f3n del refrigerador; Medici\u00f3n de temperatura para ambientes de baja temperatura.<\/p>\n<p>Esencia: \u00b1 2\u00b0C \/ 4\u00b0F<\/p>\n<p>Material: ABS, tubo de vidrio, queroseno de aviaci\u00f3n, acero inoxidable 304<\/p>\n<p>Lista de paquetes:<\/p>\n<p>1 term\u00f3metro para refrigerador.<\/p>\n","protected":false},"excerpt":{"rendered":"<p>Term\u00f3metro para Nevera:\u00a0 Este term\u00f3metro para refrigerador\/congelador proporciona lecturas de temperatura clave para aplicaciones de seguridad alimentaria. Los indicadores de rango de temperatura f\u00e1ciles de leer brindan lecturas de un vistazo para las condiciones de la zona de congelaci\u00f3n, la zona de refrigeraci\u00f3n y la zona de peligro.<\/p>\n","protected":false},"featured_media":3231,"comment_status":"open","ping_status":"closed","template":"","meta":[],"product_brand":[],"product_cat":[28],"product_tag":[390,797,31,760,763,428,767,775,756,307,762,800,793,796,778,777,785,776,786,787,781,758,792,757,764,783,794,773,782,772,272,789,771,799,774,795,765,791,309,780,768,761,790,770,798,784,759,477,788,769,755,802,803,804,801,779,766],"class_list":{"0":"post-2595","1":"product","2":"type-product","3":"status-publish","4":"has-post-thumbnail","6":"product_cat-cocina","7":"product_tag-alarma","8":"product_tag-analog","9":"product_tag-cocina","10":"product_tag-cocina-eficiente","11":"product_tag-cocina-organizada","12":"product_tag-cocina-saludable","13":"product_tag-compras-para-el-hogar","14":"product_tag-confiable","15":"product_tag-congelador","16":"product_tag-conservacion-de-alimentos","17":"product_tag-control-de-temperatura","18":"product_tag-control-preciso-de-la-temperatura-gadget-de-cocina","19":"product_tag-cooking-tips","20":"product_tag-digital","21":"product_tag-diseno-compacto","22":"product_tag-duradero","23":"product_tag-efficient-kitchen","24":"product_tag-facil-de-usar","25":"product_tag-food-preservation","26":"product_tag-food-safety","27":"product_tag-freezer","28":"product_tag-gadget","29":"product_tag-healthy-cooking","30":"product_tag-hogar","31":"product_tag-hogar-inteligente","32":"product_tag-home","33":"product_tag-home-buying","34":"product_tag-inalambrico","35":"product_tag-kitchen","36":"product_tag-magnetico","37":"product_tag-nevera","38":"product_tag-organized-kitchen","39":"product_tag-pantalla-lcd","40":"product_tag-plastic","41":"product_tag-preciso","42":"product_tag-product-review","43":"product_tag-recetas","44":"product_tag-recipes","45":"product_tag-refrigerador","46":"product_tag-refrigerator","47":"product_tag-review-producto","48":"product_tag-seguridad-alimentaria","49":"product_tag-smart-home","50":"product_tag-sonda","51":"product_tag-stainless-steel","52":"product_tag-technology","53":"product_tag-tecnologia","54":"product_tag-temperatura","55":"product_tag-temperature-control","56":"product_tag-termohigrometro","57":"product_tag-termometro","58":"product_tag-termometro-con-alarma-cocina-organizada","59":"product_tag-termometro-digital-con-pantalla-lcd","60":"product_tag-termometro-digital-para-nevera","61":"product_tag-termometro-magnetico-para-refrigerador-conservacion-optima-de-alimentos","62":"product_tag-thermometer","63":"product_tag-tips-de-cocina","65":"first","66":"instock","67":"taxable","68":"shipping-taxable","69":"purchasable","70":"product-type-simple"},"jetpack_sharing_enabled":true,"_links":{"self":[{"href":"https:\/\/www.regalosparatuhogar.com\/index.php?rest_route=\/wp\/v2\/product\/2595","targetHints":{"allow":["GET"]}}],"collection":[{"href":"https:\/\/www.regalosparatuhogar.com\/index.php?rest_route=\/wp\/v2\/product"}],"about":[{"href":"https:\/\/www.regalosparatuhogar.com\/index.php?rest_route=\/wp\/v2\/types\/product"}],"replies":[{"embeddable":true,"href":"https:\/\/www.regalosparatuhogar.com\/index.php?rest_route=%2Fwp%2Fv2%2Fcomments&post=2595"}],"wp:featuredmedia":[{"embeddable":true,"href":"https:\/\/www.regalosparatuhogar.com\/index.php?rest_route=\/wp\/v2\/media\/3231"}],"wp:attachment":[{"href":"https:\/\/www.regalosparatuhogar.com\/index.php?rest_route=%2Fwp%2Fv2%2Fmedia&parent=2595"}],"wp:term":[{"taxonomy":"product_brand","embeddable":true,"href":"https:\/\/www.regalosparatuhogar.com\/index.php?rest_route=%2Fwp%2Fv2%2Fproduct_brand&post=2595"},{"taxonomy":"product_cat","embeddable":true,"href":"https:\/\/www.regalosparatuhogar.com\/index.php?rest_route=%2Fwp%2Fv2%2Fproduct_cat&post=2595"},{"taxonomy":"product_tag","embeddable":true,"href":"https:\/\/www.regalosparatuhogar.com\/index.php?rest_route=%2Fwp%2Fv2%2Fproduct_tag&post=2595"}],"curies":[{"name":"wp","href":"https:\/\/api.w.org\/{rel}","templated":true}]}}