{"id":2622,"date":"2024-11-09T18:51:21","date_gmt":"2024-11-09T22:51:21","guid":{"rendered":"https:\/\/www.regalosparatuhogar.com\/?post_type=product&#038;p=2622"},"modified":"2025-05-28T14:33:14","modified_gmt":"2025-05-28T18:33:14","slug":"2622","status":"publish","type":"product","link":"https:\/\/www.regalosparatuhogar.com\/?product=2622","title":{"rendered":"Centrifugador El\u00e9ctrico Recargable para Ensaladas"},"content":{"rendered":"<p><strong>Centrifugador El\u00e9ctrico Recargable para Ensaladas:<\/strong><\/p>\n<p><strong>Herramienta de cocina dom\u00e9stica<\/strong>: el secador de ensaladas el\u00e9ctrico puede acelerar la preparaci\u00f3n de alimentos, dejar que la lechuga, el repollo y las verduras se sequen y limpien r\u00e1pidamente.<br \/>\n<strong>Material duradero<\/strong>: el rotador autom\u00e1tico de ensaladas est\u00e1 hecho de material PP, que es resistente y duradero, no es f\u00e1cil de deformar y puede ser pr\u00e1ctico durante mucho tiempo.<br \/>\n<strong>Multiusos<\/strong>: el lavaverduras con cuenco se puede utilizar como colador o para almacenar frutas y verduras.<br \/>\n<strong>F\u00e1cil de usar:<\/strong> el lavador de frutas es f\u00e1cil de usar, coloque la fruta a lavar en la canasta, cierre la tapa y haga clic en el bot\u00f3n para comenzar a lavar.<br \/>\n<strong>F\u00e1cil de limpiar:<\/strong> Todas las partes del limpiador y secador de lechuga son desmontables para una f\u00e1cil limpieza y almacenamiento.<\/p>\n<p>&nbsp;<\/p>\n<p>Medidas:<\/p>\n<p>25 cm x 21 cm\/9,84 pulgadas x 8,27 pulgadas<\/p>\n<p>El paquete incluye:<\/p>\n<p>1 secador de ensalada el\u00e9ctrico<br \/>\n1 cable de carga<br \/>\n1 manual en ingl\u00e9s<\/p>\n","protected":false},"excerpt":{"rendered":"<p>Este pr\u00e1ctico Centrifugador El\u00e9ctrico Recargable para Ensaladas y secador de ensaladas tipo <em>spinner<\/em> es perfecto para lavar y secar vegetales, frutas y hierbas de manera r\u00e1pida y sencilla. Su dise\u00f1o giratorio elimina el exceso de agua eficientemente, manteniendo los ingredientes frescos y listos para su uso. Compacto y f\u00e1cil de usar, es ideal para quienes buscan ahorrar tiempo en la preparaci\u00f3n de ensaladas y comidas saludables.<\/p>\n","protected":false},"featured_media":2689,"comment_status":"open","ping_status":"closed","template":"","meta":[],"product_brand":[],"product_cat":[28,128,659,65],"product_tag":[1068,428,1066,1062,600,1069,1065,1064,1063,1067],"class_list":{"0":"post-2622","1":"product","2":"type-product","3":"status-publish","4":"has-post-thumbnail","6":"product_cat-cocina","7":"product_cat-electrodomesticos","8":"product_cat-ensaladas","9":"product_cat-recetas-saludables","10":"product_tag-cocina-rapida","11":"product_tag-cocina-saludable","12":"product_tag-lavador-de-vegetales","13":"product_tag-mezclador-de-ensaladas","14":"product_tag-preparacion-de-ensaladas","15":"product_tag-secado-rapido","16":"product_tag-secador-de-frutas","17":"product_tag-secador-de-vegetales","18":"product_tag-spinner-para-ensaladas","19":"product_tag-utensilio-para-ensaladas","21":"first","22":"instock","23":"sale","24":"taxable","25":"shipping-taxable","26":"purchasable","27":"product-type-simple"},"jetpack_sharing_enabled":true,"_links":{"self":[{"href":"https:\/\/www.regalosparatuhogar.com\/index.php?rest_route=\/wp\/v2\/product\/2622","targetHints":{"allow":["GET"]}}],"collection":[{"href":"https:\/\/www.regalosparatuhogar.com\/index.php?rest_route=\/wp\/v2\/product"}],"about":[{"href":"https:\/\/www.regalosparatuhogar.com\/index.php?rest_route=\/wp\/v2\/types\/product"}],"replies":[{"embeddable":true,"href":"https:\/\/www.regalosparatuhogar.com\/index.php?rest_route=%2Fwp%2Fv2%2Fcomments&post=2622"}],"wp:featuredmedia":[{"embeddable":true,"href":"https:\/\/www.regalosparatuhogar.com\/index.php?rest_route=\/wp\/v2\/media\/2689"}],"wp:attachment":[{"href":"https:\/\/www.regalosparatuhogar.com\/index.php?rest_route=%2Fwp%2Fv2%2Fmedia&parent=2622"}],"wp:term":[{"taxonomy":"product_brand","embeddable":true,"href":"https:\/\/www.regalosparatuhogar.com\/index.php?rest_route=%2Fwp%2Fv2%2Fproduct_brand&post=2622"},{"taxonomy":"product_cat","embeddable":true,"href":"https:\/\/www.regalosparatuhogar.com\/index.php?rest_route=%2Fwp%2Fv2%2Fproduct_cat&post=2622"},{"taxonomy":"product_tag","embeddable":true,"href":"https:\/\/www.regalosparatuhogar.com\/index.php?rest_route=%2Fwp%2Fv2%2Fproduct_tag&post=2622"}],"curies":[{"name":"wp","href":"https:\/\/api.w.org\/{rel}","templated":true}]}}