{"id":2842,"date":"2024-12-22T18:58:56","date_gmt":"2024-12-22T22:58:56","guid":{"rendered":"https:\/\/www.regalosparatuhogar.com\/?post_type=product&#038;p=2842"},"modified":"2025-05-28T14:23:45","modified_gmt":"2025-05-28T18:23:45","slug":"2842","status":"publish","type":"product","link":"https:\/\/www.regalosparatuhogar.com\/?product=2842","title":{"rendered":"Farola Solar Led de 1900lm (equivale a 200w), 6500k"},"content":{"rendered":"<h3>Especificaciones T\u00e9cnicas de la Farola Solar Led<\/h3>\n<p><a href=\"https:\/\/www.regalosparatuhogar.com\/Manual_foco_2000lm.pdf\">Haga Click aqui para bajar el manual\u00a0<\/a><\/p>\n<p>&nbsp;<\/p>\n<ul>\n<li><strong>Material:<\/strong> ABS<\/li>\n<li><strong>Certificaci\u00f3n:<\/strong> Cumple est\u00e1ndares internacionales (no especificados en detalle).<\/li>\n<li><strong>Color:<\/strong> Gris<\/li>\n<li><strong>Color de luz:<\/strong> Luz fr\u00eda (6500K)<\/li>\n<li><strong>Tipo de bater\u00eda:<\/strong> Fosfato de hierro y litio (32650), capacidad de 20,000 mAh<\/li>\n<li><strong>Vida \u00fatil:<\/strong> 20,000 horas<\/li>\n<li><strong>Clasificaci\u00f3n de protecci\u00f3n:<\/strong>\n<ul>\n<li><strong>IP65<\/strong> (resistente al polvo y al agua).<\/li>\n<li><strong>IK03<\/strong> (resistencia al impacto).<\/li>\n<\/ul>\n<\/li>\n<li><strong>Potencia luminosa:<\/strong> 200W<\/li>\n<li><strong>Flujo luminoso:<\/strong> 1900 lm<\/li>\n<li><strong>\u00c1ngulo de haz:<\/strong> 120\u00b0<\/li>\n<li><strong>\u00c1ngulo de detecci\u00f3n:<\/strong> 120\u00b0<\/li>\n<li><strong>Distancia de detecci\u00f3n:<\/strong> Hasta 8 metros<\/li>\n<li><strong>Duraci\u00f3n de iluminaci\u00f3n:<\/strong> M\u00e1x. 12 horas<\/li>\n<li><strong>Tiempo de carga:<\/strong> 4-6 horas<\/li>\n<li><strong>Autonom\u00eda de la bater\u00eda:<\/strong> 700 ciclos<\/li>\n<\/ul>\n<h3>Dimensiones<\/h3>\n<ul>\n<li><strong>Panel Solar:<\/strong>\n<ul>\n<li>Tipo: Monocristalino<\/li>\n<li>Dimensiones: L231 \u00d7 W609 \u00d7 H4 mm<\/li>\n<li>Potencia: 18W<\/li>\n<li>Tensi\u00f3n: DC 6V<\/li>\n<\/ul>\n<\/li>\n<li><strong>Luminaria:<\/strong>\n<ul>\n<li>Dimensiones: L724 \u00d7 W240 \u00d7 H57 mm<\/li>\n<\/ul>\n<\/li>\n<\/ul>\n<h3>Aplicaciones y Entorno<\/h3>\n<ul>\n<li>Uso recomendado: Exterior<\/li>\n<li>Temperatura de funcionamiento: -5\u2103 a 40\u2103<\/li>\n<li>Orificio de montaje: 62 mm<\/li>\n<\/ul>\n<h3>Rendimiento<\/h3>\n<ul>\n<li><strong>Tiempo de detecci\u00f3n de movimiento:<\/strong> 30 segundos<\/li>\n<li><strong>CRI:<\/strong> Ra \u226570<\/li>\n<li><strong>Corriente:<\/strong> 5200 mA<\/li>\n<li><strong>Voltaje:<\/strong> DC 3.2V<\/li>\n<\/ul>\n<p>Esta farola es ideal para espacios exteriores como jardines, calles o patios, gracias a su autonom\u00eda prolongada y resistencia a condiciones clim\u00e1ticas adversas.<\/p>\n","protected":false},"excerpt":{"rendered":"<p>Farola solar LED de 200W, 6500K y 1900 lm combina eficiencia y durabilidad, ideal para exteriores. Con panel solar monocristalino (18W) y bater\u00eda de litio de 20,000 mAh, ofrece hasta 12 horas de autonom\u00eda tras 4-6 horas de carga. Su dise\u00f1o resistente (IP65 e IK03) soporta condiciones clim\u00e1ticas adversas. Con un \u00e1ngulo de haz de 120\u00b0 y detecci\u00f3n de movimiento a 8 metros, perfecta para iluminar jardines, calles y patios. Dimensiones: luminaria (724\u00d7240\u00d757 mm), panel solar (231\u00d7609\u00d74 mm).<\/p>\n","protected":false},"featured_media":2847,"comment_status":"open","ping_status":"closed","template":"","meta":[],"product_brand":[],"product_cat":[1138,1139,117,153,165],"product_tag":[1180,1172,1188,1179,1177,1178,1185,1182,1184,1187,1181,1186,1189,1183,1143],"class_list":{"0":"post-2842","1":"product","2":"type-product","3":"status-publish","4":"has-post-thumbnail","6":"product_cat-aigostar","7":"product_cat-energia-solar","8":"product_cat-iluminacion","9":"product_cat-juguetes-y-regalos-para-todas-las-edades","10":"product_cat-seguridad","11":"product_tag-aigostar","12":"product_tag-eficienciaenergetica","13":"product_tag-energiarenovable","14":"product_tag-energiasolar","15":"product_tag-farolasolar","16":"product_tag-iluminacionled","17":"product_tag-iluminacionpatios","18":"product_tag-iluminacionsostenible","19":"product_tag-jardines","20":"product_tag-lucesexteriores","21":"product_tag-luzexterior","22":"product_tag-resistenciaclimatica","23":"product_tag-smartlighting","24":"product_tag-tecnologiaverde","25":"product_tag-ip65","27":"first","28":"instock","29":"sale","30":"taxable","31":"shipping-taxable","32":"purchasable","33":"product-type-simple"},"jetpack_sharing_enabled":true,"_links":{"self":[{"href":"https:\/\/www.regalosparatuhogar.com\/index.php?rest_route=\/wp\/v2\/product\/2842","targetHints":{"allow":["GET"]}}],"collection":[{"href":"https:\/\/www.regalosparatuhogar.com\/index.php?rest_route=\/wp\/v2\/product"}],"about":[{"href":"https:\/\/www.regalosparatuhogar.com\/index.php?rest_route=\/wp\/v2\/types\/product"}],"replies":[{"embeddable":true,"href":"https:\/\/www.regalosparatuhogar.com\/index.php?rest_route=%2Fwp%2Fv2%2Fcomments&post=2842"}],"wp:featuredmedia":[{"embeddable":true,"href":"https:\/\/www.regalosparatuhogar.com\/index.php?rest_route=\/wp\/v2\/media\/2847"}],"wp:attachment":[{"href":"https:\/\/www.regalosparatuhogar.com\/index.php?rest_route=%2Fwp%2Fv2%2Fmedia&parent=2842"}],"wp:term":[{"taxonomy":"product_brand","embeddable":true,"href":"https:\/\/www.regalosparatuhogar.com\/index.php?rest_route=%2Fwp%2Fv2%2Fproduct_brand&post=2842"},{"taxonomy":"product_cat","embeddable":true,"href":"https:\/\/www.regalosparatuhogar.com\/index.php?rest_route=%2Fwp%2Fv2%2Fproduct_cat&post=2842"},{"taxonomy":"product_tag","embeddable":true,"href":"https:\/\/www.regalosparatuhogar.com\/index.php?rest_route=%2Fwp%2Fv2%2Fproduct_tag&post=2842"}],"curies":[{"name":"wp","href":"https:\/\/api.w.org\/{rel}","templated":true}]}}