{"id":2939,"date":"2025-02-07T12:25:06","date_gmt":"2025-02-07T16:25:06","guid":{"rendered":"https:\/\/www.regalosparatuhogar.com\/?post_type=product&#038;p=2939"},"modified":"2025-06-04T13:34:47","modified_gmt":"2025-06-04T17:34:47","slug":"2939","status":"publish","type":"product","link":"https:\/\/www.regalosparatuhogar.com\/?product=2939","title":{"rendered":"M\u00e1quina Selladora de Bolsas Pl\u00e1sticas por Impulso"},"content":{"rendered":"<p>Nuestra M\u00e1quina Selladora de Bolsas Pl\u00e1sticas viene en 3 modelos:<\/p>\n<ul>\n<li><strong>PFS-200:<\/strong> 190.000 Guaranies mas env\u00edo<\/li>\n<li><strong>PFS-300:<\/strong> 230.000 Guaranies mas env\u00edo<\/li>\n<li><strong>PFS-400:<\/strong> 280.000 Guaranies. mas env\u00edo<\/li>\n<\/ul>\n<p><strong>Incluye:<\/strong><br \/>\n\u2714\ufe0f 1x Selladora de bolsas por impulso<br \/>\n\u2714\ufe0f 1x Manual de usuario<\/p>\n<p><strong>Caracter\u00edsticas:<\/strong><br \/>\n\u2705 <strong>Ajuste de temperatura en 8 niveles<\/strong> \u2013 Adaptable a diferentes materiales:<\/p>\n<ul>\n<li><strong>Niveles 1-2:<\/strong> Bolsas pl\u00e1sticas<\/li>\n<li><strong>Niveles 3-4:<\/strong> Bolsas de tela no tejida<\/li>\n<li><strong>Niveles 5-6:<\/strong> Bolsas de papel kraft<\/li>\n<li><strong>Niveles 7-8:<\/strong> Bolsas de aluminio<br \/>\n\u2705 <strong>Uso r\u00e1pido y sencillo<\/strong> \u2013 No requiere precalentamiento, solo conectar y usar.<br \/>\n\u2705 <strong>Alta resistencia y durabilidad<\/strong> \u2013 Su transformador de cobre de alta calidad permite un uso continuo sin riesgo de sobrecalentamiento.<br \/>\n\u2705 <strong>Dise\u00f1o compacto y port\u00e1til<\/strong> \u2013 Ligera y f\u00e1cil de transportar, ideal para el hogar o negocio.<\/li>\n<\/ul>\n<p><strong>Especificaciones:<\/strong><br \/>\n <strong>Material:<\/strong> Pl\u00e1stico<br \/>\n <strong>Voltaje:<\/strong> 220-240V<br \/>\n <strong>Ancho de sellado:<\/strong> 2 mm<br \/>\n <strong>Longitud m\u00e1xima de sellado:<\/strong><\/p>\n<ul>\n<li><strong>20.3 cm (modelo PFS-200)<\/strong><\/li>\n<li><strong>30.5 cm (modelo PFS-300)<\/strong><\/li>\n<li><strong>40.3 cm (modelo PFS-400)<\/strong><br \/>\n <strong>Peso:<\/strong><\/li>\n<li><strong>695 g (PFS-200)<\/strong><\/li>\n<li><strong>900 g (PFS-300)<\/strong><\/li>\n<li><strong>1050 g (PFS-400)<\/strong><br \/>\n <strong>Dimensiones:<\/strong><\/li>\n<li><strong>PFS-200:<\/strong> 25 cm \u00d7 10.2 cm \u00d7 10.6 cm<\/li>\n<li><strong>PFS-300:<\/strong> 35 cm \u00d7 11.2 cm \u00d7 11.6 cm<\/li>\n<li><strong>PFS-400:<\/strong> 45 cm \u00d7 12.5 cm \u00d7 11.6 cm<\/li>\n<li> <strong>Precios de la M\u00e1quina Selladora de Bolsas Pl\u00e1sticas:<\/strong><\/li>\n<li><strong>PFS-200:<\/strong> 190.000 Guaranies<\/li>\n<li><strong>PFS-300:<\/strong> 230.000 Guaranies<\/li>\n<li><strong>PFS-400:<\/strong> 280.000 Guaranies.<\/li>\n<\/ul>\n","protected":false},"excerpt":{"rendered":"<p>M\u00e1quina Selladora de Bolsas Pl\u00e1sticas, ideal para pl\u00e1stico, papel kraft y aluminio. Con 8 niveles de temperatura, sellado r\u00e1pido y sin precalentamiento. Ligera, port\u00e1til y f\u00e1cil de usar.<\/p>\n","protected":false},"featured_media":2953,"comment_status":"open","ping_status":"closed","template":"","meta":[],"product_brand":[],"product_cat":[28,128,19,72],"product_tag":[1269,1258,1270,1262,1259,1256,1268,1263,1264,1261,1265,1266,1257,1267,1260],"class_list":{"0":"post-2939","1":"product","2":"type-product","3":"status-publish","4":"has-post-thumbnail","6":"product_cat-cocina","7":"product_cat-electrodomesticos","8":"product_cat-hogar","9":"product_cat-organizadores","10":"product_tag-maquina-de-sellado","11":"product_tag-maquina-selladora","12":"product_tag-sellador-de-bolsas-alimentos","13":"product_tag-sellador-de-bolsas-plastico","14":"product_tag-sellador-de-plastico","15":"product_tag-selladora-de-bolsas","16":"product_tag-selladora-de-calor","17":"product_tag-selladora-de-empaque","18":"product_tag-selladora-electrica","19":"product_tag-selladora-manual","20":"product_tag-selladora-pfs-100","21":"product_tag-selladora-pfs-200","22":"product_tag-selladora-por-impulso","23":"product_tag-selladora-portatil","24":"product_tag-selladora-termica","26":"first","27":"instock","28":"taxable","29":"shipping-taxable","30":"purchasable","31":"product-type-simple"},"jetpack_sharing_enabled":true,"_links":{"self":[{"href":"https:\/\/www.regalosparatuhogar.com\/index.php?rest_route=\/wp\/v2\/product\/2939","targetHints":{"allow":["GET"]}}],"collection":[{"href":"https:\/\/www.regalosparatuhogar.com\/index.php?rest_route=\/wp\/v2\/product"}],"about":[{"href":"https:\/\/www.regalosparatuhogar.com\/index.php?rest_route=\/wp\/v2\/types\/product"}],"replies":[{"embeddable":true,"href":"https:\/\/www.regalosparatuhogar.com\/index.php?rest_route=%2Fwp%2Fv2%2Fcomments&post=2939"}],"wp:featuredmedia":[{"embeddable":true,"href":"https:\/\/www.regalosparatuhogar.com\/index.php?rest_route=\/wp\/v2\/media\/2953"}],"wp:attachment":[{"href":"https:\/\/www.regalosparatuhogar.com\/index.php?rest_route=%2Fwp%2Fv2%2Fmedia&parent=2939"}],"wp:term":[{"taxonomy":"product_brand","embeddable":true,"href":"https:\/\/www.regalosparatuhogar.com\/index.php?rest_route=%2Fwp%2Fv2%2Fproduct_brand&post=2939"},{"taxonomy":"product_cat","embeddable":true,"href":"https:\/\/www.regalosparatuhogar.com\/index.php?rest_route=%2Fwp%2Fv2%2Fproduct_cat&post=2939"},{"taxonomy":"product_tag","embeddable":true,"href":"https:\/\/www.regalosparatuhogar.com\/index.php?rest_route=%2Fwp%2Fv2%2Fproduct_tag&post=2939"}],"curies":[{"name":"wp","href":"https:\/\/api.w.org\/{rel}","templated":true}]}}