{"id":3133,"date":"2025-03-20T19:06:17","date_gmt":"2025-03-20T23:06:17","guid":{"rendered":"https:\/\/www.regalosparatuhogar.com\/?post_type=product&#038;p=3133"},"modified":"2025-05-27T21:34:37","modified_gmt":"2025-05-28T01:34:37","slug":"3133","status":"publish","type":"product","link":"https:\/\/www.regalosparatuhogar.com\/?product=3133","title":{"rendered":"Colch\u00f3n Antiescaras de Aire \u2013 Fitconn FU-AM002"},"content":{"rendered":"<h3 data-start=\"78\" data-end=\"134\"><\/h3>\n<p data-start=\"135\" data-end=\"191\">\u2728 <strong data-start=\"137\" data-end=\"189\">Prevenci\u00f3n y comodidad para quienes lo necesitan<\/strong><\/p>\n<p data-start=\"193\" data-end=\"571\">\u2714\ufe0f El Colch\u00f3n Antiescaras de Aire est\u00e1 <strong data-start=\"196\" data-end=\"242\">Dise\u00f1ado para prevenir \u00falceras por presi\u00f3n<\/strong> en personas con movilidad reducida.<br data-start=\"278\" data-end=\"281\" \/>\u2714\ufe0f <strong data-start=\"284\" data-end=\"312\">Sistema de aire inflable<\/strong> que distribuye el peso y reduce la presi\u00f3n en puntos cr\u00edticos.<br data-start=\"375\" data-end=\"378\" \/>\u2714\ufe0f <strong data-start=\"381\" data-end=\"422\">Material resistente de 3 capas de PVC<\/strong> para mayor durabilidad.<br data-start=\"446\" data-end=\"449\" \/>\u2714\ufe0f <strong data-start=\"452\" data-end=\"482\">Bomba el\u00e9ctrica silenciosa<\/strong> y f\u00e1cil de usar.<br data-start=\"499\" data-end=\"502\" \/>\u2714\ufe0f <strong data-start=\"505\" data-end=\"534\">Certificado CE e ISO13485<\/strong>, garantizando calidad y seguridad.<\/p>\n<p data-start=\"573\" data-end=\"776\"> <strong data-start=\"576\" data-end=\"587\">Tama\u00f1o:<\/strong> 185 \u00d7 85 \u00d7 6,5 cm<br data-start=\"605\" data-end=\"608\" \/>\u26a1 <strong data-start=\"610\" data-end=\"637\">Fuente de alimentaci\u00f3n:<\/strong> Conexi\u00f3n el\u00e9ctrica (plug-in)<br data-start=\"666\" data-end=\"669\" \/> <strong data-start=\"672\" data-end=\"682\">Color:<\/strong> Azul + blanco<br data-start=\"696\" data-end=\"699\" \/> <strong data-start=\"702\" data-end=\"714\">Incluye:<\/strong> Colch\u00f3n de aire + bomba el\u00e9ctrica<br data-start=\"748\" data-end=\"751\" \/>\ufe0f <strong data-start=\"755\" data-end=\"768\">Garant\u00eda:<\/strong> 1 a\u00f1o<\/p>\n<p data-start=\"573\" data-end=\"776\"> <strong data-start=\"823\" data-end=\"849\">Env\u00edos a todo Paraguay<\/strong><\/p>\n<p data-start=\"853\" data-end=\"914\"> <strong data-start=\"856\" data-end=\"912\">\u00a1Consulte disponibilidad y haga su pedido hoy mismo!<\/strong><\/p>\n","protected":false},"excerpt":{"rendered":"<p data-start=\"0\" data-end=\"274\">El Colch\u00f3n Antiescaras de Aire Previene llagas por presi\u00f3n y brinda m\u00e1ximo confort a personas con movilidad reducida. Fabricado en <strong data-start=\"143\" data-end=\"161\">PVC de 3 capas<\/strong>, con <strong data-start=\"167\" data-end=\"197\" data-is-only-node=\"\">bomba el\u00e9ctrica silenciosa<\/strong> para una distribuci\u00f3n \u00f3ptima de la presi\u00f3n. <strong data-start=\"242\" data-end=\"271\">Certificado CE e ISO13485<\/strong>.<\/p>\n<p data-start=\"276\" data-end=\"368\"> <strong data-start=\"279\" data-end=\"290\">Tama\u00f1o:<\/strong> 185 \u00d7 85 \u00d7 6,5 cm<br data-start=\"308\" data-end=\"311\" \/>\ufe0f <strong data-start=\"315\" data-end=\"328\">Garant\u00eda:<\/strong> 1 a\u00f1o<br data-start=\"334\" data-end=\"337\" \/> <strong data-start=\"340\" data-end=\"366\">Env\u00edos a todo Paraguay<\/strong><\/p>\n<p data-start=\"370\" data-end=\"429\" data-is-last-node=\"\" data-is-only-node=\"\"> <strong data-start=\"373\" data-end=\"429\" data-is-last-node=\"\">\u00a1Consulte disponibilidad y haga su pedido hoy mismo!<\/strong><\/p>\n","protected":false},"featured_media":3136,"comment_status":"open","ping_status":"closed","template":"","meta":[],"product_brand":[],"product_cat":[1448,1449,19],"product_tag":[],"class_list":{"0":"post-3133","1":"product","2":"type-product","3":"status-publish","4":"has-post-thumbnail","6":"product_cat-colchon","7":"product_cat-colchon-anti-escaras","8":"product_cat-hogar","10":"first","11":"instock","12":"sale","13":"taxable","14":"shipping-taxable","15":"purchasable","16":"product-type-simple"},"jetpack_sharing_enabled":true,"_links":{"self":[{"href":"https:\/\/www.regalosparatuhogar.com\/index.php?rest_route=\/wp\/v2\/product\/3133","targetHints":{"allow":["GET"]}}],"collection":[{"href":"https:\/\/www.regalosparatuhogar.com\/index.php?rest_route=\/wp\/v2\/product"}],"about":[{"href":"https:\/\/www.regalosparatuhogar.com\/index.php?rest_route=\/wp\/v2\/types\/product"}],"replies":[{"embeddable":true,"href":"https:\/\/www.regalosparatuhogar.com\/index.php?rest_route=%2Fwp%2Fv2%2Fcomments&post=3133"}],"wp:featuredmedia":[{"embeddable":true,"href":"https:\/\/www.regalosparatuhogar.com\/index.php?rest_route=\/wp\/v2\/media\/3136"}],"wp:attachment":[{"href":"https:\/\/www.regalosparatuhogar.com\/index.php?rest_route=%2Fwp%2Fv2%2Fmedia&parent=3133"}],"wp:term":[{"taxonomy":"product_brand","embeddable":true,"href":"https:\/\/www.regalosparatuhogar.com\/index.php?rest_route=%2Fwp%2Fv2%2Fproduct_brand&post=3133"},{"taxonomy":"product_cat","embeddable":true,"href":"https:\/\/www.regalosparatuhogar.com\/index.php?rest_route=%2Fwp%2Fv2%2Fproduct_cat&post=3133"},{"taxonomy":"product_tag","embeddable":true,"href":"https:\/\/www.regalosparatuhogar.com\/index.php?rest_route=%2Fwp%2Fv2%2Fproduct_tag&post=3133"}],"curies":[{"name":"wp","href":"https:\/\/api.w.org\/{rel}","templated":true}]}}