{"id":3154,"date":"2025-03-22T14:47:45","date_gmt":"2025-03-22T18:47:45","guid":{"rendered":"https:\/\/www.regalosparatuhogar.com\/?post_type=product&#038;p=3154"},"modified":"2025-05-27T21:03:43","modified_gmt":"2025-05-28T01:03:43","slug":"3154","status":"publish","type":"product","link":"https:\/\/www.regalosparatuhogar.com\/?product=3154","title":{"rendered":"Juego de Utensilios de Cocina en Silicona con Soporte \u2013 7 Piezas"},"content":{"rendered":"<p class=\"\" data-start=\"157\" data-end=\"179\"><strong data-start=\"157\" data-end=\"177\">Caracter\u00edsticas:<\/strong><\/p>\n<ul data-start=\"180\" data-end=\"424\">\n<li class=\"\" data-start=\"180\" data-end=\"243\">\n<p class=\"\" data-start=\"182\" data-end=\"243\">Los componentes del juego de utensilios de cocina en silicona son fabricados en material resistente al calor y antiadherente.\u00a0 Soportan entre -40 grados Celsius y 230 grados Celsius.<\/p>\n<\/li>\n<li class=\"\" data-start=\"244\" data-end=\"306\">\n<p class=\"\" data-start=\"246\" data-end=\"306\">Dise\u00f1o ergon\u00f3mico con mango c\u00f3modo y orificio para colgar.<\/p>\n<\/li>\n<li class=\"\" data-start=\"307\" data-end=\"349\">\n<p class=\"\" data-start=\"309\" data-end=\"349\">Color verde claro con textura moteada.<\/p>\n<\/li>\n<li class=\"\" data-start=\"350\" data-end=\"424\">\n<p class=\"\" data-start=\"352\" data-end=\"424\">Incluye un soporte organizador para mantener los utensilios ordenados.<\/p>\n<\/li>\n<li data-start=\"350\" data-end=\"424\">\n<p class=\"\" data-start=\"0\" data-end=\"177\"><strong data-start=\"0\" data-end=\"12\">BPA Free:<\/strong>\u00a0<strong data-start=\"39\" data-end=\"71\" data-is-only-node=\"\">no contiene Bisfenol A (BPA)<\/strong>, un qu\u00edmico utilizado en la fabricaci\u00f3n de pl\u00e1sticos y resinas que puede ser perjudicial para la salud.<\/p>\n<p class=\"\" data-start=\"179\" data-end=\"533\">El <strong data-start=\"182\" data-end=\"189\">BPA<\/strong> ha sido relacionado con posibles efectos negativos en el sistema endocrino y se encuentra en algunos envases de alimentos, botellas pl\u00e1sticas y utensilios de cocina. Un producto etiquetado como <strong data-start=\"384\" data-end=\"396\">BPA Free<\/strong> garantiza que no libera esta sustancia t\u00f3xica, lo que lo hace m\u00e1s seguro para su uso, especialmente en contacto con alimentos y bebidas.<\/p>\n<\/li>\n<li data-start=\"350\" data-end=\"424\">\n<p class=\"\" data-start=\"0\" data-end=\"340\"><strong data-start=\"12\" data-end=\"38\">Certificado por la FDA<\/strong>: Aprobado por la <strong data-start=\"77\" data-end=\"165\">Administraci\u00f3n de Alimentos y Medicamentos de EE.UU. (FDA, por sus siglas en ingl\u00e9s)<\/strong>, garantizando que cumple con los est\u00e1ndares de <strong data-start=\"213\" data-end=\"250\">seguridad, calidad y uso adecuado<\/strong>, especialmente cuando est\u00e1 en contacto con alimentos, medicamentos o productos m\u00e9dicos.<\/p>\n<p class=\"\" data-start=\"342\" data-end=\"610\">En el caso de utensilios de cocina, un producto <strong data-start=\"390\" data-end=\"408\">&#8220;FDA Approved&#8221;<\/strong> o <strong data-start=\"411\" data-end=\"439\">&#8220;Certificado por la FDA&#8221;<\/strong> asegura que los materiales utilizados (como la silicona o el pl\u00e1stico) son <strong data-start=\"515\" data-end=\"577\">seguros, no t\u00f3xicos y aptos para el contacto con alimentos<\/strong>, sin liberar sustancias da\u00f1inas.<\/p>\n<\/li>\n<\/ul>\n<p class=\"\" data-start=\"426\" data-end=\"440\"><strong data-start=\"426\" data-end=\"438\">El juego de utensilios de cocina en silicona Incluye:<\/strong><\/p>\n<ol data-start=\"441\" data-end=\"882\">\n<li class=\"\" data-start=\"441\" data-end=\"504\">\n<p class=\"\" data-start=\"444\" data-end=\"504\"><strong data-start=\"444\" data-end=\"467\">Cuchara para servir<\/strong> \u2013 29.8 cm de largo, 8 cm de ancho.<\/p>\n<\/li>\n<li class=\"\" data-start=\"505\" data-end=\"569\">\n<p class=\"\" data-start=\"508\" data-end=\"569\"><strong data-start=\"508\" data-end=\"530\">Cuchar\u00f3n para sopa<\/strong> \u2013 27.5 cm de largo, 8.5 cm de ancho.<\/p>\n<\/li>\n<li class=\"\" data-start=\"570\" data-end=\"631\">\n<p class=\"\" data-start=\"573\" data-end=\"631\"><strong data-start=\"573\" data-end=\"594\">Cuchara perforada<\/strong> \u2013 33 cm de largo, 9.3 cm de ancho.<\/p>\n<\/li>\n<li class=\"\" data-start=\"632\" data-end=\"699\">\n<p class=\"\" data-start=\"635\" data-end=\"699\"><strong data-start=\"635\" data-end=\"662\">Esp\u00e1tula ranurada ancha<\/strong> \u2013 32.5 cm de largo, 8 cm de ancho.<\/p>\n<\/li>\n<li class=\"\" data-start=\"700\" data-end=\"760\">\n<p class=\"\" data-start=\"703\" data-end=\"760\"><strong data-start=\"703\" data-end=\"725\">Esp\u00e1tula perforada<\/strong> \u2013 33 cm de largo, 8 cm de ancho.<\/p>\n<\/li>\n<li class=\"\" data-start=\"761\" data-end=\"821\">\n<p class=\"\" data-start=\"764\" data-end=\"821\"><strong data-start=\"764\" data-end=\"786\">Tenedor para pasta<\/strong> \u2013 33 cm de largo, 7 cm de ancho.<\/p>\n<\/li>\n<li class=\"\" data-start=\"822\" data-end=\"882\">\n<p class=\"\" data-start=\"825\" data-end=\"882\"><strong data-start=\"825\" data-end=\"848\">Soporte organizador<\/strong> \u2013 40 cm de alto, 14 cm de base.<\/p>\n<\/li>\n<\/ol>\n<p class=\"\" data-start=\"884\" data-end=\"976\">Es un set ideal para cocinar sin da\u00f1ar los sartenes y ollas con revestimiento antiadherente.<\/p>\n","protected":false},"excerpt":{"rendered":"<div class=\"flex max-w-full flex-col flex-grow\">\n<div class=\"min-h-8 text-message relative flex w-full flex-col items-end gap-2 whitespace-normal break-words text-start [.text-message+&amp;]:mt-5\" dir=\"auto\" data-message-author-role=\"assistant\" data-message-id=\"a4ece531-2bfe-429a-accd-292865306aeb\" data-message-model-slug=\"gpt-4o\">\n<div class=\"flex w-full flex-col gap-1 empty:hidden first:pt-[3px]\">\n<div class=\"markdown prose w-full break-words dark:prose-invert light\">\n<p class=\"\" data-start=\"60\" data-end=\"254\">Set resistente al calor y antiadherente, ideal para todo tipo de cocina. Incluye cuchara, cuchar\u00f3n, esp\u00e1tulas, tenedor para pasta y soporte organizador. Dise\u00f1o ergon\u00f3mico en color verde moteado.<\/p>\n<p>Entregamos envuelto para regalo si as\u00ed lo desea.<\/p>\n<\/div>\n<\/div>\n<\/div>\n<\/div>\n","protected":false},"featured_media":3157,"comment_status":"open","ping_status":"closed","template":"","meta":[],"product_brand":[],"product_cat":[153,1451],"product_tag":[1452],"class_list":{"0":"post-3154","1":"product","2":"type-product","3":"status-publish","4":"has-post-thumbnail","6":"product_cat-juguetes-y-regalos-para-todas-las-edades","7":"product_cat-utensilios-de-cocina","8":"product_tag-utensiliosdecocina-silicona-resistentesalcalor-cocinapractica-antiadherente-espatulas-cucharas-organizador-accesoriosdecocina-cocinamoderna","10":"first","11":"instock","12":"sale","13":"taxable","14":"shipping-taxable","15":"purchasable","16":"product-type-simple"},"jetpack_sharing_enabled":true,"_links":{"self":[{"href":"https:\/\/www.regalosparatuhogar.com\/index.php?rest_route=\/wp\/v2\/product\/3154","targetHints":{"allow":["GET"]}}],"collection":[{"href":"https:\/\/www.regalosparatuhogar.com\/index.php?rest_route=\/wp\/v2\/product"}],"about":[{"href":"https:\/\/www.regalosparatuhogar.com\/index.php?rest_route=\/wp\/v2\/types\/product"}],"replies":[{"embeddable":true,"href":"https:\/\/www.regalosparatuhogar.com\/index.php?rest_route=%2Fwp%2Fv2%2Fcomments&post=3154"}],"wp:featuredmedia":[{"embeddable":true,"href":"https:\/\/www.regalosparatuhogar.com\/index.php?rest_route=\/wp\/v2\/media\/3157"}],"wp:attachment":[{"href":"https:\/\/www.regalosparatuhogar.com\/index.php?rest_route=%2Fwp%2Fv2%2Fmedia&parent=3154"}],"wp:term":[{"taxonomy":"product_brand","embeddable":true,"href":"https:\/\/www.regalosparatuhogar.com\/index.php?rest_route=%2Fwp%2Fv2%2Fproduct_brand&post=3154"},{"taxonomy":"product_cat","embeddable":true,"href":"https:\/\/www.regalosparatuhogar.com\/index.php?rest_route=%2Fwp%2Fv2%2Fproduct_cat&post=3154"},{"taxonomy":"product_tag","embeddable":true,"href":"https:\/\/www.regalosparatuhogar.com\/index.php?rest_route=%2Fwp%2Fv2%2Fproduct_tag&post=3154"}],"curies":[{"name":"wp","href":"https:\/\/api.w.org\/{rel}","templated":true}]}}